{"id":11,"date":"2013-05-23T06:16:58","date_gmt":"2013-05-23T06:16:58","guid":{"rendered":"http:\/\/localhost\/projects\/geo-x-exploration\/?page_id=11"},"modified":"2017-06-28T07:07:41","modified_gmt":"2017-06-28T07:07:41","slug":"home","status":"publish","type":"page","link":"https:\/\/www.geo-x.com\/es\/","title":{"rendered":"Nuestra empresa"},"content":{"rendered":"<p><\/p>\n<h3>Somos una compa\u00f1\u00eda Canadiense especializada en proveer servicios de procesamiento<br \/>de datos s\u00edsmicos para las industrias del Petr\u00f3leo, del Gas y de la Miner\u00eda.<\/h3>\n<div class=\"clear\"><\/div>\n<p class=\"welcome_left\">Geo-X provee servicios de an\u00e1lisis y procesamiento de datos s\u00edsmicos 2D y 3D, en tiempo y en profundidad, y de caracterizaci\u00f3n de yacimientos para las industrias del petr\u00f3leo, del gas y de la miner\u00eda. Contamos con d\u00e9cadas de experiencia y con la \u00faltima palabra en tecnolog\u00eda de punta en sistemas de computaci\u00f3n y software para dar a nuestros clientes los mejores servicios geof\u00edsicos, tanto estratigr\u00e1ficos como estructurales, disponibles.<\/p>\n<p class=\"welcome_right\">Geo-X involucra a su equipo de investigaci\u00f3n y desarrollo en todos los proyectos desde el primer d\u00eda, brindando a nuestros clientes los servicios de procesamiento de datos s\u00edsmicos m\u00e1s avanzados tecnol\u00f3gicamente. Nuestro personal posee una s\u00f3lida reputaci\u00f3n por su compromiso con un trabajo de calidad, el servicio al cliente y la entrega de productos de alta calidad para sus necesidades geof\u00edsicas.<\/p>\n<p><\/p>","protected":false},"excerpt":{"rendered":"<p>Somos una compa\u00f1\u00eda Canadiense especializada en proveer servicios de procesamientode datos s\u00edsmicos para las industrias del Petr\u00f3leo, del Gas y de la Miner\u00eda. Geo-X provee servicios de an\u00e1lisis y procesamiento de datos s\u00edsmicos 2D y 3D, en tiempo y en profundidad, y de caracterizaci\u00f3n de yacimientos para las industrias del petr\u00f3leo, del gas y de [&hellip;]<\/p>\n","protected":false},"author":1,"featured_media":590,"parent":0,"menu_order":0,"comment_status":"open","ping_status":"open","template":"home-page.php","meta":{"_acf_changed":false,"footnotes":""},"class_list":["post-11","page","type-page","status-publish","has-post-thumbnail","hentry"],"acf":[],"yoast_head":"<!-- This site is optimized with the Yoast SEO plugin v26.3 - https:\/\/yoast.com\/wordpress\/plugins\/seo\/ -->\n<title>Nuestra empresa - Geo-X Exploration Services<\/title>\n<meta name=\"robots\" content=\"index, follow, max-snippet:-1, max-image-preview:large, max-video-preview:-1\" \/>\n<link rel=\"canonical\" href=\"https:\/\/www.geo-x.com\/\" \/>\n<meta property=\"og:locale\" content=\"es_ES\" \/>\n<meta property=\"og:type\" content=\"article\" \/>\n<meta property=\"og:title\" content=\"[:en]Home[:es]Nuestra empresa[:] - Geo-X Exploration Services\" \/>\n<meta property=\"og:description\" content=\"Somos una compa\u00f1\u00eda Canadiense especializada en proveer servicios de procesamientode datos s\u00edsmicos para las industrias del Petr\u00f3leo, del Gas y de la Miner\u00eda. Geo-X provee servicios de an\u00e1lisis y procesamiento de datos s\u00edsmicos 2D y 3D, en tiempo y en profundidad, y de caracterizaci\u00f3n de yacimientos para las industrias del petr\u00f3leo, del gas y de [&hellip;]\" \/>\n<meta property=\"og:url\" content=\"https:\/\/www.geo-x.com\/\" \/>\n<meta property=\"og:site_name\" content=\"Geo-X Exploration Services\" \/>\n<meta property=\"article:modified_time\" content=\"2017-06-28T07:07:41+00:00\" \/>\n<meta property=\"og:image\" content=\"https:\/\/www.geo-x.com\/wp-content\/uploads\/2013\/05\/home.png\" \/>\n\t<meta property=\"og:image:width\" content=\"990\" \/>\n\t<meta property=\"og:image:height\" content=\"452\" \/>\n\t<meta property=\"og:image:type\" content=\"image\/png\" \/>\n<meta name=\"twitter:label1\" content=\"Tiempo de lectura\" \/>\n\t<meta name=\"twitter:data1\" content=\"1 minuto\" \/>\n<script type=\"application\/ld+json\" class=\"yoast-schema-graph\">{\"@context\":\"https:\/\/schema.org\",\"@graph\":[{\"@type\":\"WebPage\",\"@id\":\"https:\/\/www.geo-x.com\/\",\"url\":\"https:\/\/www.geo-x.com\/\",\"name\":\"[:en]Home[:es]Nuestra empresa[:] - Geo-X Exploration Services\",\"isPartOf\":{\"@id\":\"https:\/\/www.geo-x.com\/#website\"},\"primaryImageOfPage\":{\"@id\":\"https:\/\/www.geo-x.com\/#primaryimage\"},\"image\":{\"@id\":\"https:\/\/www.geo-x.com\/#primaryimage\"},\"thumbnailUrl\":\"https:\/\/www.geo-x.com\/wp-content\/uploads\/2013\/05\/home.png\",\"datePublished\":\"2013-05-23T06:16:58+00:00\",\"dateModified\":\"2017-06-28T07:07:41+00:00\",\"breadcrumb\":{\"@id\":\"https:\/\/www.geo-x.com\/#breadcrumb\"},\"inLanguage\":\"es\",\"potentialAction\":[{\"@type\":\"ReadAction\",\"target\":[\"https:\/\/www.geo-x.com\/\"]}]},{\"@type\":\"ImageObject\",\"inLanguage\":\"es\",\"@id\":\"https:\/\/www.geo-x.com\/#primaryimage\",\"url\":\"https:\/\/www.geo-x.com\/wp-content\/uploads\/2013\/05\/home.png\",\"contentUrl\":\"https:\/\/www.geo-x.com\/wp-content\/uploads\/2013\/05\/home.png\",\"width\":990,\"height\":452,\"caption\":\"[:en]At Geo-X, you\u2019re part of our team! We love geophysics and want to collaborate with you to achieve your goals. [:es]\u00a1Para Geo-X Ustedes son parte de nuestro equipo! Nuestra pasi\u00f3n es la Geof\u00edsica y queremos ayudarlos a alcanzar sus objetivos.\"},{\"@type\":\"BreadcrumbList\",\"@id\":\"https:\/\/www.geo-x.com\/#breadcrumb\",\"itemListElement\":[{\"@type\":\"ListItem\",\"position\":1,\"name\":\"Home\",\"item\":\"https:\/\/www.geo-x.com\/\"},{\"@type\":\"ListItem\",\"position\":2,\"name\":\"Home\"}]},{\"@type\":\"WebSite\",\"@id\":\"https:\/\/www.geo-x.com\/#website\",\"url\":\"https:\/\/www.geo-x.com\/\",\"name\":\"Geo-X Exploration Services\",\"description\":\"Geo-X Exploration Services\",\"potentialAction\":[{\"@type\":\"SearchAction\",\"target\":{\"@type\":\"EntryPoint\",\"urlTemplate\":\"https:\/\/www.geo-x.com\/?s={search_term_string}\"},\"query-input\":{\"@type\":\"PropertyValueSpecification\",\"valueRequired\":true,\"valueName\":\"search_term_string\"}}],\"inLanguage\":\"es\"}]}<\/script>\n<!-- \/ Yoast SEO plugin. -->","yoast_head_json":{"title":"[:en]Home[:es]Nuestra empresa[:] - Geo-X Exploration Services","robots":{"index":"index","follow":"follow","max-snippet":"max-snippet:-1","max-image-preview":"max-image-preview:large","max-video-preview":"max-video-preview:-1"},"canonical":"https:\/\/www.geo-x.com\/","og_locale":"es_ES","og_type":"article","og_title":"[:en]Home[:es]Nuestra empresa[:] - Geo-X Exploration Services","og_description":"Somos una compa\u00f1\u00eda Canadiense especializada en proveer servicios de procesamientode datos s\u00edsmicos para las industrias del Petr\u00f3leo, del Gas y de la Miner\u00eda. Geo-X provee servicios de an\u00e1lisis y procesamiento de datos s\u00edsmicos 2D y 3D, en tiempo y en profundidad, y de caracterizaci\u00f3n de yacimientos para las industrias del petr\u00f3leo, del gas y de [&hellip;]","og_url":"https:\/\/www.geo-x.com\/","og_site_name":"Geo-X Exploration Services","article_modified_time":"2017-06-28T07:07:41+00:00","og_image":[{"width":990,"height":452,"url":"https:\/\/www.geo-x.com\/wp-content\/uploads\/2013\/05\/home.png","type":"image\/png"}],"twitter_misc":{"Tiempo de lectura":"1 minuto"},"schema":{"@context":"https:\/\/schema.org","@graph":[{"@type":"WebPage","@id":"https:\/\/www.geo-x.com\/","url":"https:\/\/www.geo-x.com\/","name":"[:en]Home[:es]Nuestra empresa[:] - Geo-X Exploration Services","isPartOf":{"@id":"https:\/\/www.geo-x.com\/#website"},"primaryImageOfPage":{"@id":"https:\/\/www.geo-x.com\/#primaryimage"},"image":{"@id":"https:\/\/www.geo-x.com\/#primaryimage"},"thumbnailUrl":"https:\/\/www.geo-x.com\/wp-content\/uploads\/2013\/05\/home.png","datePublished":"2013-05-23T06:16:58+00:00","dateModified":"2017-06-28T07:07:41+00:00","breadcrumb":{"@id":"https:\/\/www.geo-x.com\/#breadcrumb"},"inLanguage":"es","potentialAction":[{"@type":"ReadAction","target":["https:\/\/www.geo-x.com\/"]}]},{"@type":"ImageObject","inLanguage":"es","@id":"https:\/\/www.geo-x.com\/#primaryimage","url":"https:\/\/www.geo-x.com\/wp-content\/uploads\/2013\/05\/home.png","contentUrl":"https:\/\/www.geo-x.com\/wp-content\/uploads\/2013\/05\/home.png","width":990,"height":452,"caption":"[:en]At Geo-X, you\u2019re part of our team! We love geophysics and want to collaborate with you to achieve your goals. [:es]\u00a1Para Geo-X Ustedes son parte de nuestro equipo! Nuestra pasi\u00f3n es la Geof\u00edsica y queremos ayudarlos a alcanzar sus objetivos."},{"@type":"BreadcrumbList","@id":"https:\/\/www.geo-x.com\/#breadcrumb","itemListElement":[{"@type":"ListItem","position":1,"name":"Home","item":"https:\/\/www.geo-x.com\/"},{"@type":"ListItem","position":2,"name":"Home"}]},{"@type":"WebSite","@id":"https:\/\/www.geo-x.com\/#website","url":"https:\/\/www.geo-x.com\/","name":"Geo-X Exploration Services","description":"Geo-X Exploration Services","potentialAction":[{"@type":"SearchAction","target":{"@type":"EntryPoint","urlTemplate":"https:\/\/www.geo-x.com\/?s={search_term_string}"},"query-input":{"@type":"PropertyValueSpecification","valueRequired":true,"valueName":"search_term_string"}}],"inLanguage":"es"}]}},"_links":{"self":[{"href":"https:\/\/www.geo-x.com\/es\/wp-json\/wp\/v2\/pages\/11","targetHints":{"allow":["GET"]}}],"collection":[{"href":"https:\/\/www.geo-x.com\/es\/wp-json\/wp\/v2\/pages"}],"about":[{"href":"https:\/\/www.geo-x.com\/es\/wp-json\/wp\/v2\/types\/page"}],"author":[{"embeddable":true,"href":"https:\/\/www.geo-x.com\/es\/wp-json\/wp\/v2\/users\/1"}],"replies":[{"embeddable":true,"href":"https:\/\/www.geo-x.com\/es\/wp-json\/wp\/v2\/comments?post=11"}],"version-history":[{"count":94,"href":"https:\/\/www.geo-x.com\/es\/wp-json\/wp\/v2\/pages\/11\/revisions"}],"predecessor-version":[{"id":828,"href":"https:\/\/www.geo-x.com\/es\/wp-json\/wp\/v2\/pages\/11\/revisions\/828"}],"wp:featuredmedia":[{"embeddable":true,"href":"https:\/\/www.geo-x.com\/es\/wp-json\/wp\/v2\/media\/590"}],"wp:attachment":[{"href":"https:\/\/www.geo-x.com\/es\/wp-json\/wp\/v2\/media?parent=11"}],"curies":[{"name":"wp","href":"https:\/\/api.w.org\/{rel}","templated":true}]}}