{"id":12,"date":"2013-05-23T06:21:17","date_gmt":"2013-05-23T06:21:17","guid":{"rendered":"http:\/\/localhost\/projects\/geo-x-exploration\/?page_id=12"},"modified":"2015-06-06T12:03:23","modified_gmt":"2015-06-06T12:03:23","slug":"company-profile","status":"publish","type":"page","link":"https:\/\/www.geo-x.com\/es\/company-profile\/","title":{"rendered":"Perfil de la Compa\u00f1\u00eda"},"content":{"rendered":"<p>La primera <strong>Geo-X Systems Ltd<\/strong>. fue una compa\u00f1\u00eda s\u00f3lida establecida en Calgary, formada a principios de los a\u00f1os setenta. Esta previa encarnaci\u00f3n contribuy\u00f3 al desarrollo de la industria de procesamiento de datos s\u00edsmicos en la cuenca sedimentaria del Oeste de Canad\u00e1 y se hizo notar por su desarrollo t\u00e9cnico, su personal y su liderazgo al servicio de esta industria. Geo-X Systems Ltd. contribuy\u00f3 en la evoluci\u00f3n de muchos de los m\u00e9todos empleados hoy d\u00eda en la adquisici\u00f3n y el procesamiento de los datos s\u00edsmicos en Canad\u00e1. Geo-X, refundada en el a\u00f1o 2012, contin\u00faa con este legado.<\/p>\n<p>Somos un equipo de expertos con una larga trayectoria en la industria. Cada integrante de este equipo aporta su experiencia y destrezas espec\u00edficas para lograr resultados ejemplares.<\/p>\n<p>Empleamos el software mas actual junto a estaciones de trabajo y servidores del mas alto nivel. Con el fin de asegurar aun mas que las necesidades espec\u00edficas de nuestros clientes sean satisfechas, hemos formado alianzas con otros profesionales especializados en la industria del software para s\u00edsmica. Estas alianzas nos proporcionan la flexibilidad y el alcance necesarios para ofrecer productos y servicios personalizados y sin precedente.<\/p>","protected":false},"excerpt":{"rendered":"<p>La primera Geo-X Systems Ltd. fue una compa\u00f1\u00eda s\u00f3lida establecida en Calgary, formada a principios de los a\u00f1os setenta. Esta previa encarnaci\u00f3n contribuy\u00f3 al desarrollo de la industria de procesamiento de datos s\u00edsmicos en la cuenca sedimentaria del Oeste de Canad\u00e1 y se hizo notar por su desarrollo t\u00e9cnico, su personal y su liderazgo al [&hellip;]<\/p>\n","protected":false},"author":1,"featured_media":491,"parent":0,"menu_order":0,"comment_status":"open","ping_status":"open","template":"","meta":{"_acf_changed":false,"footnotes":""},"class_list":["post-12","page","type-page","status-publish","has-post-thumbnail","hentry"],"acf":[],"yoast_head":"<!-- This site is optimized with the Yoast SEO plugin v26.3 - https:\/\/yoast.com\/wordpress\/plugins\/seo\/ -->\n<title>Perfil de la Compa\u00f1\u00eda - Geo-X Exploration Services<\/title>\n<meta name=\"robots\" content=\"index, follow, max-snippet:-1, max-image-preview:large, max-video-preview:-1\" \/>\n<link rel=\"canonical\" href=\"https:\/\/www.geo-x.com\/company-profile\/\" \/>\n<meta property=\"og:locale\" content=\"es_ES\" \/>\n<meta property=\"og:type\" content=\"article\" \/>\n<meta property=\"og:title\" content=\"[:en]Company profile[:es]Perfil de la Compa\u00f1\u00eda[:] - Geo-X Exploration Services\" \/>\n<meta property=\"og:description\" content=\"La primera Geo-X Systems Ltd. fue una compa\u00f1\u00eda s\u00f3lida establecida en Calgary, formada a principios de los a\u00f1os setenta. Esta previa encarnaci\u00f3n contribuy\u00f3 al desarrollo de la industria de procesamiento de datos s\u00edsmicos en la cuenca sedimentaria del Oeste de Canad\u00e1 y se hizo notar por su desarrollo t\u00e9cnico, su personal y su liderazgo al [&hellip;]\" \/>\n<meta property=\"og:url\" content=\"https:\/\/www.geo-x.com\/company-profile\/\" \/>\n<meta property=\"og:site_name\" content=\"Geo-X Exploration Services\" \/>\n<meta property=\"article:modified_time\" content=\"2015-06-06T12:03:23+00:00\" \/>\n<meta property=\"og:image\" content=\"https:\/\/www.geo-x.com\/wp-content\/uploads\/2013\/05\/corporate.png\" \/>\n\t<meta property=\"og:image:width\" content=\"990\" \/>\n\t<meta property=\"og:image:height\" content=\"452\" \/>\n\t<meta property=\"og:image:type\" content=\"image\/png\" \/>\n<meta name=\"twitter:label1\" content=\"Tiempo de lectura\" \/>\n\t<meta name=\"twitter:data1\" content=\"2 minutos\" \/>\n<script type=\"application\/ld+json\" class=\"yoast-schema-graph\">{\"@context\":\"https:\/\/schema.org\",\"@graph\":[{\"@type\":\"WebPage\",\"@id\":\"https:\/\/www.geo-x.com\/company-profile\/\",\"url\":\"https:\/\/www.geo-x.com\/company-profile\/\",\"name\":\"[:en]Company profile[:es]Perfil de la Compa\u00f1\u00eda[:] - Geo-X Exploration Services\",\"isPartOf\":{\"@id\":\"https:\/\/www.geo-x.com\/#website\"},\"primaryImageOfPage\":{\"@id\":\"https:\/\/www.geo-x.com\/company-profile\/#primaryimage\"},\"image\":{\"@id\":\"https:\/\/www.geo-x.com\/company-profile\/#primaryimage\"},\"thumbnailUrl\":\"https:\/\/www.geo-x.com\/wp-content\/uploads\/2013\/05\/corporate.png\",\"datePublished\":\"2013-05-23T06:21:17+00:00\",\"dateModified\":\"2015-06-06T12:03:23+00:00\",\"breadcrumb\":{\"@id\":\"https:\/\/www.geo-x.com\/company-profile\/#breadcrumb\"},\"inLanguage\":\"es\",\"potentialAction\":[{\"@type\":\"ReadAction\",\"target\":[\"https:\/\/www.geo-x.com\/company-profile\/\"]}]},{\"@type\":\"ImageObject\",\"inLanguage\":\"es\",\"@id\":\"https:\/\/www.geo-x.com\/company-profile\/#primaryimage\",\"url\":\"https:\/\/www.geo-x.com\/wp-content\/uploads\/2013\/05\/corporate.png\",\"contentUrl\":\"https:\/\/www.geo-x.com\/wp-content\/uploads\/2013\/05\/corporate.png\",\"width\":990,\"height\":452,\"caption\":\"[:en]At Geo-X, you\u2019re part of our team! We love geophysics and want to collaborate with you to achieve your goals. [:es]\u00a1Para Geo-X Ustedes son parte de nuestro equipo! Nuestra pasi\u00f3n es la Geof\u00edsica y queremos ayudarlos a alcanzar sus objetivos.\"},{\"@type\":\"BreadcrumbList\",\"@id\":\"https:\/\/www.geo-x.com\/company-profile\/#breadcrumb\",\"itemListElement\":[{\"@type\":\"ListItem\",\"position\":1,\"name\":\"Home\",\"item\":\"https:\/\/www.geo-x.com\/\"},{\"@type\":\"ListItem\",\"position\":2,\"name\":\"Company profile\"}]},{\"@type\":\"WebSite\",\"@id\":\"https:\/\/www.geo-x.com\/#website\",\"url\":\"https:\/\/www.geo-x.com\/\",\"name\":\"Geo-X Exploration Services\",\"description\":\"Geo-X Exploration Services\",\"potentialAction\":[{\"@type\":\"SearchAction\",\"target\":{\"@type\":\"EntryPoint\",\"urlTemplate\":\"https:\/\/www.geo-x.com\/?s={search_term_string}\"},\"query-input\":{\"@type\":\"PropertyValueSpecification\",\"valueRequired\":true,\"valueName\":\"search_term_string\"}}],\"inLanguage\":\"es\"}]}<\/script>\n<!-- \/ Yoast SEO plugin. -->","yoast_head_json":{"title":"[:en]Company profile[:es]Perfil de la Compa\u00f1\u00eda[:] - Geo-X Exploration Services","robots":{"index":"index","follow":"follow","max-snippet":"max-snippet:-1","max-image-preview":"max-image-preview:large","max-video-preview":"max-video-preview:-1"},"canonical":"https:\/\/www.geo-x.com\/company-profile\/","og_locale":"es_ES","og_type":"article","og_title":"[:en]Company profile[:es]Perfil de la Compa\u00f1\u00eda[:] - Geo-X Exploration Services","og_description":"La primera Geo-X Systems Ltd. fue una compa\u00f1\u00eda s\u00f3lida establecida en Calgary, formada a principios de los a\u00f1os setenta. Esta previa encarnaci\u00f3n contribuy\u00f3 al desarrollo de la industria de procesamiento de datos s\u00edsmicos en la cuenca sedimentaria del Oeste de Canad\u00e1 y se hizo notar por su desarrollo t\u00e9cnico, su personal y su liderazgo al [&hellip;]","og_url":"https:\/\/www.geo-x.com\/company-profile\/","og_site_name":"Geo-X Exploration Services","article_modified_time":"2015-06-06T12:03:23+00:00","og_image":[{"width":990,"height":452,"url":"https:\/\/www.geo-x.com\/wp-content\/uploads\/2013\/05\/corporate.png","type":"image\/png"}],"twitter_misc":{"Tiempo de lectura":"2 minutos"},"schema":{"@context":"https:\/\/schema.org","@graph":[{"@type":"WebPage","@id":"https:\/\/www.geo-x.com\/company-profile\/","url":"https:\/\/www.geo-x.com\/company-profile\/","name":"[:en]Company profile[:es]Perfil de la Compa\u00f1\u00eda[:] - Geo-X Exploration Services","isPartOf":{"@id":"https:\/\/www.geo-x.com\/#website"},"primaryImageOfPage":{"@id":"https:\/\/www.geo-x.com\/company-profile\/#primaryimage"},"image":{"@id":"https:\/\/www.geo-x.com\/company-profile\/#primaryimage"},"thumbnailUrl":"https:\/\/www.geo-x.com\/wp-content\/uploads\/2013\/05\/corporate.png","datePublished":"2013-05-23T06:21:17+00:00","dateModified":"2015-06-06T12:03:23+00:00","breadcrumb":{"@id":"https:\/\/www.geo-x.com\/company-profile\/#breadcrumb"},"inLanguage":"es","potentialAction":[{"@type":"ReadAction","target":["https:\/\/www.geo-x.com\/company-profile\/"]}]},{"@type":"ImageObject","inLanguage":"es","@id":"https:\/\/www.geo-x.com\/company-profile\/#primaryimage","url":"https:\/\/www.geo-x.com\/wp-content\/uploads\/2013\/05\/corporate.png","contentUrl":"https:\/\/www.geo-x.com\/wp-content\/uploads\/2013\/05\/corporate.png","width":990,"height":452,"caption":"[:en]At Geo-X, you\u2019re part of our team! We love geophysics and want to collaborate with you to achieve your goals. [:es]\u00a1Para Geo-X Ustedes son parte de nuestro equipo! Nuestra pasi\u00f3n es la Geof\u00edsica y queremos ayudarlos a alcanzar sus objetivos."},{"@type":"BreadcrumbList","@id":"https:\/\/www.geo-x.com\/company-profile\/#breadcrumb","itemListElement":[{"@type":"ListItem","position":1,"name":"Home","item":"https:\/\/www.geo-x.com\/"},{"@type":"ListItem","position":2,"name":"Company profile"}]},{"@type":"WebSite","@id":"https:\/\/www.geo-x.com\/#website","url":"https:\/\/www.geo-x.com\/","name":"Geo-X Exploration Services","description":"Geo-X Exploration Services","potentialAction":[{"@type":"SearchAction","target":{"@type":"EntryPoint","urlTemplate":"https:\/\/www.geo-x.com\/?s={search_term_string}"},"query-input":{"@type":"PropertyValueSpecification","valueRequired":true,"valueName":"search_term_string"}}],"inLanguage":"es"}]}},"_links":{"self":[{"href":"https:\/\/www.geo-x.com\/es\/wp-json\/wp\/v2\/pages\/12","targetHints":{"allow":["GET"]}}],"collection":[{"href":"https:\/\/www.geo-x.com\/es\/wp-json\/wp\/v2\/pages"}],"about":[{"href":"https:\/\/www.geo-x.com\/es\/wp-json\/wp\/v2\/types\/page"}],"author":[{"embeddable":true,"href":"https:\/\/www.geo-x.com\/es\/wp-json\/wp\/v2\/users\/1"}],"replies":[{"embeddable":true,"href":"https:\/\/www.geo-x.com\/es\/wp-json\/wp\/v2\/comments?post=12"}],"version-history":[{"count":31,"href":"https:\/\/www.geo-x.com\/es\/wp-json\/wp\/v2\/pages\/12\/revisions"}],"predecessor-version":[{"id":746,"href":"https:\/\/www.geo-x.com\/es\/wp-json\/wp\/v2\/pages\/12\/revisions\/746"}],"wp:featuredmedia":[{"embeddable":true,"href":"https:\/\/www.geo-x.com\/es\/wp-json\/wp\/v2\/media\/491"}],"wp:attachment":[{"href":"https:\/\/www.geo-x.com\/es\/wp-json\/wp\/v2\/media?parent=12"}],"curies":[{"name":"wp","href":"https:\/\/api.w.org\/{rel}","templated":true}]}}