{"id":15,"date":"2013-05-23T06:22:00","date_gmt":"2013-05-23T06:22:00","guid":{"rendered":"http:\/\/localhost\/projects\/geo-x-exploration\/?page_id=15"},"modified":"2017-06-30T09:01:50","modified_gmt":"2017-06-30T09:01:50","slug":"reservoir-analysis","status":"publish","type":"page","link":"https:\/\/www.geo-x.com\/es\/reservoir-analysis\/","title":{"rendered":"An\u00e1lisis AVO y Caracterizaci\u00f3n de Yacimientos"},"content":{"rendered":"<p><\/p>\n<div class=\"download_btn\"><a href=\"https:\/\/www.geo-x.com\/es\/pdf\/Geo-X-Reservoir-Characterization-Brochure_Spanish.pdf\" target=\"_blank\">Download Brochure<\/a><\/div>\n<div id='cssmenu'>\n<ul>\n<li><a href='#'>Control de calidad y Pre-acondicionamiento<\/a>\n<ul class=\"accor-cont inn_list_itm\">\n<li>Creaci\u00f3n de modelos AVO y AVA (forward models) y comparaci\u00f3n con gathers para asegurar preservaci\u00f3n de amplitud.<\/li>\n<li>Atenuaci\u00f3n de ruido y\/o m\u00faltiplos, correcci\u00f3n de amplitud consistente con superficie, mejoramiento del espectro y regularizaci\u00f3n de los datos s\u00edsmicos (de ser necesario) para facilitar la extracci\u00f3n e inversi\u00f3n de atributos AVO\/AVA<\/li>\n<\/ul>\n<\/li>\n<li><a href='#'>Analisis AVO<\/a>\n<ul class=\"accor-cont inn_list_itm\">\n<li>Extracci\u00f3n de Atributos AVO a partir de gathers s\u00edsmicos<\/li>\n<li>Intercept and Gradient, Rp, Rs<\/li>\n<\/ul>\n<\/li>\n<li><a href='#'>Control de calidad de registros de Pozo y estudios de petrofisica y Fisica de rocas<\/a>\n<ul class=\"accor-cont inn_list_itm\">\n<li>Calibraci\u00f3n de registros de pozo, edici\u00f3n y predicci\u00f3n de registros inexistentes (ex. s-sonic), creaci\u00f3n de curvas de atributos (ej. LMR, Poisson\u2019s Ratio, Young\u2019s Modulus)<\/li>\n<li>Construcci\u00f3n de modelos de f\u00edsica de rocas para diferentes facies<\/li>\n<li>Importaci\u00f3n de horizontes y correlaci\u00f3n de registros de pozo y datos s\u00edsmicos<\/li>\n<li>Gr\u00e1fico de atributos (Cross plotting attributes) con frecuencias tanto de los registros de pozo y de la s\u00edsmica para determinar caracter\u00edsticas de los reservorios<\/li>\n<\/ul>\n<\/li>\n<li><a href='#'>Inversion antes y Despues del Apilado<\/a>\n<ul class=\"accor-cont inn_list_itm\">\n<li>Verificaci\u00f3n de registros de pozo y determinaci\u00f3n de la relaci\u00f3n entre Vp, Vs y densidad<\/li>\n<li>Extracci\u00f3n de ondicula (s)<\/li>\n<li>Construcci\u00f3n de modelos de baja frecuencia a partir de registros de pozo<\/li>\n<li>Inversi\u00f3n simultanea post-apilado y\/o pre-apilado para obtenci\u00f3n de Vp, Vs y densidad y derivaci\u00f3n de otras propiedades el\u00e1sticas a solicitud de los clientes<\/li>\n<li>Inversi\u00f3n post-apilado para producir vol\u00famenes de impedancia-P (Ip) e impedancia-S (Is)<\/li>\n<li>Inversi\u00f3n simultanea pre-apilado para producir impedancia-P (Ip) , impedancia-S (Is) y densidad (si hay suficientes offsets disponibles)<\/li>\n<li>Obtenci\u00f3n de otros atributos s\u00edsmicos como LMR, Poisson\u2019s Ratio y Young\u2019s Modulus<\/li>\n<li>Gr\u00e1fico de atributos obtenidos por inversi\u00f3n (Cross plotting inversion attributes) para separar reservorios de no-reservorios y obtener vol\u00famenes s\u00edsmicos 3D de zonas de cross-plot<\/li>\n<\/ul>\n<\/li>\n<li><a href='#'>Clasificacion de facies<\/a>\n<ul class=\"accor-cont inn_list_itm\">\n<li>Usando inversi\u00f3n de atributos y relaciones emp\u00edricas de estudios de f\u00edsica de rocas<\/li>\n<li>Clasificaci\u00f3n estad\u00edstica mediante el algoritmo de neural network<\/li>\n<li>Con registros de litolog\u00eda\/facies, suministrados por el cliente, realizar clasificaci\u00f3n de atributos (cross plotted inversion attributes) obtenidos por inversi\u00f3n mediante el m\u00e9todo de Bayes (Bayesian classification) para predecir litolog\u00eda y\/o propiedad de fluidos.<\/li>\n<li>Generar vol\u00famenes de las facies m\u00e1s probables as\u00ed como probabilidad de facies individuales<\/li>\n<\/ul>\n<\/li>\n<li><a href='#'>Deteccion de Fracturas<\/a>\n<ul class=\"accor-cont inn_list_itm\">\n<li>Estudios de factibilidad ( geometr\u00eda, distribuci\u00f3n de offset\/azimut, S\/N (se\u00f1al\/ruido) etc<\/li>\n<li>An\u00e1lisis azimutal de amplitud (AVAZ)<\/li>\n<li>An\u00e1lisis azimutal de velocidad (VVAZ)-orientado al objetivo, con el m\u00e9todo de layer-stripping (capa por capa)<\/li>\n<li>AVAZ y VVAZ podr\u00edan ser aplicados en conjunto con la interpolaci\u00f3n 5D pre-apilado<\/li>\n<li>Modelado (forward modeling) de previstas variaciones azimutales de velocidad (VVAZ) y amplitud (AVAz) de la onda P, debido a la presencia de anisotrop\u00eda o de fracturas (requiere S-sonic)<\/li>\n<\/ul>\n<\/li>\n<\/ul>\n<\/div>\n<p><\/p>","protected":false},"excerpt":{"rendered":"<p>Download Brochure Control de calidad y Pre-acondicionamiento Creaci\u00f3n de modelos AVO y AVA (forward models) y comparaci\u00f3n con gathers para asegurar preservaci\u00f3n de amplitud. Atenuaci\u00f3n de ruido y\/o m\u00faltiplos, correcci\u00f3n de amplitud consistente con superficie, mejoramiento del espectro y regularizaci\u00f3n de los datos s\u00edsmicos (de ser necesario) para facilitar la extracci\u00f3n e inversi\u00f3n de atributos [&hellip;]<\/p>\n","protected":false},"author":1,"featured_media":627,"parent":0,"menu_order":0,"comment_status":"open","ping_status":"open","template":"","meta":{"_acf_changed":false,"footnotes":""},"class_list":["post-15","page","type-page","status-publish","has-post-thumbnail","hentry"],"acf":[],"yoast_head":"<!-- This site is optimized with the Yoast SEO plugin v26.3 - https:\/\/yoast.com\/wordpress\/plugins\/seo\/ -->\n<title>An\u00e1lisis AVO y Caracterizaci\u00f3n de Yacimientos - Geo-X Exploration Services<\/title>\n<meta name=\"robots\" content=\"index, follow, max-snippet:-1, max-image-preview:large, max-video-preview:-1\" \/>\n<link rel=\"canonical\" href=\"https:\/\/www.geo-x.com\/reservoir-analysis\/\" \/>\n<meta property=\"og:locale\" content=\"es_ES\" \/>\n<meta property=\"og:type\" content=\"article\" \/>\n<meta property=\"og:title\" content=\"[:en]AVO Analysis and Reservoir Characterization [:es]An\u00e1lisis AVO y Caracterizaci\u00f3n de Yacimientos[:] - Geo-X Exploration Services\" \/>\n<meta property=\"og:description\" content=\"Download Brochure Control de calidad y Pre-acondicionamiento Creaci\u00f3n de modelos AVO y AVA (forward models) y comparaci\u00f3n con gathers para asegurar preservaci\u00f3n de amplitud. Atenuaci\u00f3n de ruido y\/o m\u00faltiplos, correcci\u00f3n de amplitud consistente con superficie, mejoramiento del espectro y regularizaci\u00f3n de los datos s\u00edsmicos (de ser necesario) para facilitar la extracci\u00f3n e inversi\u00f3n de atributos [&hellip;]\" \/>\n<meta property=\"og:url\" content=\"https:\/\/www.geo-x.com\/reservoir-analysis\/\" \/>\n<meta property=\"og:site_name\" content=\"Geo-X Exploration Services\" \/>\n<meta property=\"article:modified_time\" content=\"2017-06-30T09:01:50+00:00\" \/>\n<meta property=\"og:image\" content=\"https:\/\/www.geo-x.com\/wp-content\/uploads\/2013\/05\/reservoir.png\" \/>\n\t<meta property=\"og:image:width\" content=\"990\" \/>\n\t<meta property=\"og:image:height\" content=\"452\" \/>\n\t<meta property=\"og:image:type\" content=\"image\/png\" \/>\n<meta name=\"twitter:label1\" content=\"Tiempo de lectura\" \/>\n\t<meta name=\"twitter:data1\" content=\"4 minutos\" \/>\n<script type=\"application\/ld+json\" class=\"yoast-schema-graph\">{\"@context\":\"https:\/\/schema.org\",\"@graph\":[{\"@type\":\"WebPage\",\"@id\":\"https:\/\/www.geo-x.com\/reservoir-analysis\/\",\"url\":\"https:\/\/www.geo-x.com\/reservoir-analysis\/\",\"name\":\"[:en]AVO Analysis and Reservoir Characterization [:es]An\u00e1lisis AVO y Caracterizaci\u00f3n de Yacimientos[:] - Geo-X Exploration Services\",\"isPartOf\":{\"@id\":\"https:\/\/www.geo-x.com\/#website\"},\"primaryImageOfPage\":{\"@id\":\"https:\/\/www.geo-x.com\/reservoir-analysis\/#primaryimage\"},\"image\":{\"@id\":\"https:\/\/www.geo-x.com\/reservoir-analysis\/#primaryimage\"},\"thumbnailUrl\":\"https:\/\/www.geo-x.com\/wp-content\/uploads\/2013\/05\/reservoir.png\",\"datePublished\":\"2013-05-23T06:22:00+00:00\",\"dateModified\":\"2017-06-30T09:01:50+00:00\",\"breadcrumb\":{\"@id\":\"https:\/\/www.geo-x.com\/reservoir-analysis\/#breadcrumb\"},\"inLanguage\":\"es\",\"potentialAction\":[{\"@type\":\"ReadAction\",\"target\":[\"https:\/\/www.geo-x.com\/reservoir-analysis\/\"]}]},{\"@type\":\"ImageObject\",\"inLanguage\":\"es\",\"@id\":\"https:\/\/www.geo-x.com\/reservoir-analysis\/#primaryimage\",\"url\":\"https:\/\/www.geo-x.com\/wp-content\/uploads\/2013\/05\/reservoir.png\",\"contentUrl\":\"https:\/\/www.geo-x.com\/wp-content\/uploads\/2013\/05\/reservoir.png\",\"width\":990,\"height\":452,\"caption\":\"[:en]At Geo-X, you\u2019re part of our team! We love geophysics and want to collaborate with you to achieve your goals. [:es]\u00a1Para Geo-X Ustedes son parte de nuestro equipo! Nuestra pasi\u00f3n es la Geof\u00edsica y queremos ayudarlos a alcanzar sus objetivos.\"},{\"@type\":\"BreadcrumbList\",\"@id\":\"https:\/\/www.geo-x.com\/reservoir-analysis\/#breadcrumb\",\"itemListElement\":[{\"@type\":\"ListItem\",\"position\":1,\"name\":\"Home\",\"item\":\"https:\/\/www.geo-x.com\/\"},{\"@type\":\"ListItem\",\"position\":2,\"name\":\"AVO Analysis and Reservoir Characterization\"}]},{\"@type\":\"WebSite\",\"@id\":\"https:\/\/www.geo-x.com\/#website\",\"url\":\"https:\/\/www.geo-x.com\/\",\"name\":\"Geo-X Exploration Services\",\"description\":\"Geo-X Exploration Services\",\"potentialAction\":[{\"@type\":\"SearchAction\",\"target\":{\"@type\":\"EntryPoint\",\"urlTemplate\":\"https:\/\/www.geo-x.com\/?s={search_term_string}\"},\"query-input\":{\"@type\":\"PropertyValueSpecification\",\"valueRequired\":true,\"valueName\":\"search_term_string\"}}],\"inLanguage\":\"es\"}]}<\/script>\n<!-- \/ Yoast SEO plugin. -->","yoast_head_json":{"title":"[:en]AVO Analysis and Reservoir Characterization [:es]An\u00e1lisis AVO y Caracterizaci\u00f3n de Yacimientos[:] - Geo-X Exploration Services","robots":{"index":"index","follow":"follow","max-snippet":"max-snippet:-1","max-image-preview":"max-image-preview:large","max-video-preview":"max-video-preview:-1"},"canonical":"https:\/\/www.geo-x.com\/reservoir-analysis\/","og_locale":"es_ES","og_type":"article","og_title":"[:en]AVO Analysis and Reservoir Characterization [:es]An\u00e1lisis AVO y Caracterizaci\u00f3n de Yacimientos[:] - Geo-X Exploration Services","og_description":"Download Brochure Control de calidad y Pre-acondicionamiento Creaci\u00f3n de modelos AVO y AVA (forward models) y comparaci\u00f3n con gathers para asegurar preservaci\u00f3n de amplitud. Atenuaci\u00f3n de ruido y\/o m\u00faltiplos, correcci\u00f3n de amplitud consistente con superficie, mejoramiento del espectro y regularizaci\u00f3n de los datos s\u00edsmicos (de ser necesario) para facilitar la extracci\u00f3n e inversi\u00f3n de atributos [&hellip;]","og_url":"https:\/\/www.geo-x.com\/reservoir-analysis\/","og_site_name":"Geo-X Exploration Services","article_modified_time":"2017-06-30T09:01:50+00:00","og_image":[{"width":990,"height":452,"url":"https:\/\/www.geo-x.com\/wp-content\/uploads\/2013\/05\/reservoir.png","type":"image\/png"}],"twitter_misc":{"Tiempo de lectura":"4 minutos"},"schema":{"@context":"https:\/\/schema.org","@graph":[{"@type":"WebPage","@id":"https:\/\/www.geo-x.com\/reservoir-analysis\/","url":"https:\/\/www.geo-x.com\/reservoir-analysis\/","name":"[:en]AVO Analysis and Reservoir Characterization [:es]An\u00e1lisis AVO y Caracterizaci\u00f3n de Yacimientos[:] - Geo-X Exploration Services","isPartOf":{"@id":"https:\/\/www.geo-x.com\/#website"},"primaryImageOfPage":{"@id":"https:\/\/www.geo-x.com\/reservoir-analysis\/#primaryimage"},"image":{"@id":"https:\/\/www.geo-x.com\/reservoir-analysis\/#primaryimage"},"thumbnailUrl":"https:\/\/www.geo-x.com\/wp-content\/uploads\/2013\/05\/reservoir.png","datePublished":"2013-05-23T06:22:00+00:00","dateModified":"2017-06-30T09:01:50+00:00","breadcrumb":{"@id":"https:\/\/www.geo-x.com\/reservoir-analysis\/#breadcrumb"},"inLanguage":"es","potentialAction":[{"@type":"ReadAction","target":["https:\/\/www.geo-x.com\/reservoir-analysis\/"]}]},{"@type":"ImageObject","inLanguage":"es","@id":"https:\/\/www.geo-x.com\/reservoir-analysis\/#primaryimage","url":"https:\/\/www.geo-x.com\/wp-content\/uploads\/2013\/05\/reservoir.png","contentUrl":"https:\/\/www.geo-x.com\/wp-content\/uploads\/2013\/05\/reservoir.png","width":990,"height":452,"caption":"[:en]At Geo-X, you\u2019re part of our team! We love geophysics and want to collaborate with you to achieve your goals. [:es]\u00a1Para Geo-X Ustedes son parte de nuestro equipo! Nuestra pasi\u00f3n es la Geof\u00edsica y queremos ayudarlos a alcanzar sus objetivos."},{"@type":"BreadcrumbList","@id":"https:\/\/www.geo-x.com\/reservoir-analysis\/#breadcrumb","itemListElement":[{"@type":"ListItem","position":1,"name":"Home","item":"https:\/\/www.geo-x.com\/"},{"@type":"ListItem","position":2,"name":"AVO Analysis and Reservoir Characterization"}]},{"@type":"WebSite","@id":"https:\/\/www.geo-x.com\/#website","url":"https:\/\/www.geo-x.com\/","name":"Geo-X Exploration Services","description":"Geo-X Exploration Services","potentialAction":[{"@type":"SearchAction","target":{"@type":"EntryPoint","urlTemplate":"https:\/\/www.geo-x.com\/?s={search_term_string}"},"query-input":{"@type":"PropertyValueSpecification","valueRequired":true,"valueName":"search_term_string"}}],"inLanguage":"es"}]}},"_links":{"self":[{"href":"https:\/\/www.geo-x.com\/es\/wp-json\/wp\/v2\/pages\/15","targetHints":{"allow":["GET"]}}],"collection":[{"href":"https:\/\/www.geo-x.com\/es\/wp-json\/wp\/v2\/pages"}],"about":[{"href":"https:\/\/www.geo-x.com\/es\/wp-json\/wp\/v2\/types\/page"}],"author":[{"embeddable":true,"href":"https:\/\/www.geo-x.com\/es\/wp-json\/wp\/v2\/users\/1"}],"replies":[{"embeddable":true,"href":"https:\/\/www.geo-x.com\/es\/wp-json\/wp\/v2\/comments?post=15"}],"version-history":[{"count":46,"href":"https:\/\/www.geo-x.com\/es\/wp-json\/wp\/v2\/pages\/15\/revisions"}],"predecessor-version":[{"id":871,"href":"https:\/\/www.geo-x.com\/es\/wp-json\/wp\/v2\/pages\/15\/revisions\/871"}],"wp:featuredmedia":[{"embeddable":true,"href":"https:\/\/www.geo-x.com\/es\/wp-json\/wp\/v2\/media\/627"}],"wp:attachment":[{"href":"https:\/\/www.geo-x.com\/es\/wp-json\/wp\/v2\/media?parent=15"}],"curies":[{"name":"wp","href":"https:\/\/api.w.org\/{rel}","templated":true}]}}