{"id":18,"date":"2013-05-23T06:25:50","date_gmt":"2013-05-23T06:25:50","guid":{"rendered":"http:\/\/localhost\/projects\/geo-x-exploration\/?page_id=18"},"modified":"2015-06-06T12:07:09","modified_gmt":"2015-06-06T12:07:09","slug":"seisspacepromax","status":"publish","type":"page","link":"https:\/\/www.geo-x.com\/es\/seisspacepromax\/","title":{"rendered":"El sistema de procesamiento de Geo-X"},"content":{"rendered":"<p>Geo-X utiliza el software SeisSpace\u00ae\/ProMAX\u00ae como centro de su sistema de procesamiento. SeisSpace\u00ae\/ProMAX\u00ae es la \u00faltima generaci\u00f3n del software de procesamiento s\u00edsmico de Landmark para el manejo de grandes vol\u00famenes de datos s\u00edsmicos 2D y 3D, sin apilar y apilados, tanto marinos como terrestres. Este sistema combina su facilidad de uso con efectivas herramientas de an\u00e1lisis, robustos algoritmos geof\u00edsicos y una infraestructura optimizada de procesamiento en paralelo. Con el software SeisSpace\u00ae es posible obtener un mayor valor agregado de los datos s\u00edsmicos, aumentar la productividad, reducir la cantidad de ciclos de un proyecto y, ultimadamente, reducir los riesgos de perforaci\u00f3n.<\/p>\n<p>La tecnolog\u00eda de SeisSpace\u00ae esta dise\u00f1ada para que sus usuarios entiendan mejor los datos s\u00edsmicos mediante herramientas de visualizaci\u00f3n que permiten un despliegue eficiente de datos sin apilar y apilados. El poder y flexibilidad de SeisSpace\u00ae tambi\u00e9n contribuye a optimizar los flujos de procesamiento al permitir un mayor entendimiento de la geolog\u00eda del \u00e1rea conduciendo a un mejor an\u00e1lisis y selecci\u00f3n de par\u00e1metros. Estos procedimientos facilitan la construcci\u00f3n \u00f3ptima de im\u00e1genes s\u00edsmicas y sus correspondientes objetivos geol\u00f3gicos.<\/p>\n<p>Desarrollado para la ejecuci\u00f3n \u00f3ptima en ambientes de sistemas paralelos, JavaSeis es el formato para datos sin apilar que permite a sus usuarios construir trabajos que pueden ser ejecutados en m\u00faltiples nodos f\u00e1cilmente escalables. A diferencia de la tecnolog\u00eda convencional de procesamiento, Landmark pone especial inter\u00e9s en darle a los procesadores herramientas \u00fanicas de visualizaci\u00f3n para una mejor comprensi\u00f3n de problemas asociados al control de calidad. Con ese fin, Landmark ofrece herramientas de visualizaci\u00f3n que le dan al procesador la capacidad de navegar a trav\u00e9s de los datos s\u00edsmicos 3D e interactivamente aplicar y evaluar los efectos de los diferentes flujos de trabajo.<\/p>","protected":false},"excerpt":{"rendered":"<p>Geo-X utiliza el software SeisSpace\u00ae\/ProMAX\u00ae como centro de su sistema de procesamiento. SeisSpace\u00ae\/ProMAX\u00ae es la \u00faltima generaci\u00f3n del software de procesamiento s\u00edsmico de Landmark para el manejo de grandes vol\u00famenes de datos s\u00edsmicos 2D y 3D, sin apilar y apilados, tanto marinos como terrestres. Este sistema combina su facilidad de uso con efectivas herramientas de [&hellip;]<\/p>\n","protected":false},"author":1,"featured_media":632,"parent":0,"menu_order":0,"comment_status":"open","ping_status":"open","template":"","meta":{"_acf_changed":false,"footnotes":""},"class_list":["post-18","page","type-page","status-publish","has-post-thumbnail","hentry"],"acf":[],"yoast_head":"<!-- This site is optimized with the Yoast SEO plugin v26.3 - https:\/\/yoast.com\/wordpress\/plugins\/seo\/ -->\n<title>El sistema de procesamiento de Geo-X - Geo-X Exploration Services<\/title>\n<meta name=\"robots\" content=\"index, follow, max-snippet:-1, max-image-preview:large, max-video-preview:-1\" \/>\n<link rel=\"canonical\" href=\"https:\/\/www.geo-x.com\/seisspacepromax\/\" \/>\n<meta property=\"og:locale\" content=\"es_ES\" \/>\n<meta property=\"og:type\" content=\"article\" \/>\n<meta property=\"og:title\" content=\"[:en]Geo-X Processing System[:es]El sistema de procesamiento de Geo-X[:] - Geo-X Exploration Services\" \/>\n<meta property=\"og:description\" content=\"Geo-X utiliza el software SeisSpace\u00ae\/ProMAX\u00ae como centro de su sistema de procesamiento. SeisSpace\u00ae\/ProMAX\u00ae es la \u00faltima generaci\u00f3n del software de procesamiento s\u00edsmico de Landmark para el manejo de grandes vol\u00famenes de datos s\u00edsmicos 2D y 3D, sin apilar y apilados, tanto marinos como terrestres. Este sistema combina su facilidad de uso con efectivas herramientas de [&hellip;]\" \/>\n<meta property=\"og:url\" content=\"https:\/\/www.geo-x.com\/seisspacepromax\/\" \/>\n<meta property=\"og:site_name\" content=\"Geo-X Exploration Services\" \/>\n<meta property=\"article:modified_time\" content=\"2015-06-06T12:07:09+00:00\" \/>\n<meta property=\"og:image\" content=\"https:\/\/www.geo-x.com\/wp-content\/uploads\/2015\/05\/software.png\" \/>\n\t<meta property=\"og:image:width\" content=\"990\" \/>\n\t<meta property=\"og:image:height\" content=\"452\" \/>\n\t<meta property=\"og:image:type\" content=\"image\/png\" \/>\n<meta name=\"twitter:label1\" content=\"Tiempo de lectura\" \/>\n\t<meta name=\"twitter:data1\" content=\"3 minutos\" \/>\n<script type=\"application\/ld+json\" class=\"yoast-schema-graph\">{\"@context\":\"https:\/\/schema.org\",\"@graph\":[{\"@type\":\"WebPage\",\"@id\":\"https:\/\/www.geo-x.com\/seisspacepromax\/\",\"url\":\"https:\/\/www.geo-x.com\/seisspacepromax\/\",\"name\":\"[:en]Geo-X Processing System[:es]El sistema de procesamiento de Geo-X[:] - Geo-X Exploration Services\",\"isPartOf\":{\"@id\":\"https:\/\/www.geo-x.com\/#website\"},\"primaryImageOfPage\":{\"@id\":\"https:\/\/www.geo-x.com\/seisspacepromax\/#primaryimage\"},\"image\":{\"@id\":\"https:\/\/www.geo-x.com\/seisspacepromax\/#primaryimage\"},\"thumbnailUrl\":\"https:\/\/www.geo-x.com\/wp-content\/uploads\/2015\/05\/software.png\",\"datePublished\":\"2013-05-23T06:25:50+00:00\",\"dateModified\":\"2015-06-06T12:07:09+00:00\",\"breadcrumb\":{\"@id\":\"https:\/\/www.geo-x.com\/seisspacepromax\/#breadcrumb\"},\"inLanguage\":\"es\",\"potentialAction\":[{\"@type\":\"ReadAction\",\"target\":[\"https:\/\/www.geo-x.com\/seisspacepromax\/\"]}]},{\"@type\":\"ImageObject\",\"inLanguage\":\"es\",\"@id\":\"https:\/\/www.geo-x.com\/seisspacepromax\/#primaryimage\",\"url\":\"https:\/\/www.geo-x.com\/wp-content\/uploads\/2015\/05\/software.png\",\"contentUrl\":\"https:\/\/www.geo-x.com\/wp-content\/uploads\/2015\/05\/software.png\",\"width\":990,\"height\":452,\"caption\":\"[:en]At Geo-X, you\u2019re part of our team! We love geophysics and want to collaborate with you to achieve your goals. [:es]\u00a1Para Geo-X Ustedes son parte de nuestro equipo! Nuestra pasi\u00f3n es la Geof\u00edsica y queremos ayudarlos a alcanzar sus objetivos.\"},{\"@type\":\"BreadcrumbList\",\"@id\":\"https:\/\/www.geo-x.com\/seisspacepromax\/#breadcrumb\",\"itemListElement\":[{\"@type\":\"ListItem\",\"position\":1,\"name\":\"Home\",\"item\":\"https:\/\/www.geo-x.com\/\"},{\"@type\":\"ListItem\",\"position\":2,\"name\":\"Geo-X Processing System\"}]},{\"@type\":\"WebSite\",\"@id\":\"https:\/\/www.geo-x.com\/#website\",\"url\":\"https:\/\/www.geo-x.com\/\",\"name\":\"Geo-X Exploration Services\",\"description\":\"Geo-X Exploration Services\",\"potentialAction\":[{\"@type\":\"SearchAction\",\"target\":{\"@type\":\"EntryPoint\",\"urlTemplate\":\"https:\/\/www.geo-x.com\/?s={search_term_string}\"},\"query-input\":{\"@type\":\"PropertyValueSpecification\",\"valueRequired\":true,\"valueName\":\"search_term_string\"}}],\"inLanguage\":\"es\"}]}<\/script>\n<!-- \/ Yoast SEO plugin. -->","yoast_head_json":{"title":"[:en]Geo-X Processing System[:es]El sistema de procesamiento de Geo-X[:] - Geo-X Exploration Services","robots":{"index":"index","follow":"follow","max-snippet":"max-snippet:-1","max-image-preview":"max-image-preview:large","max-video-preview":"max-video-preview:-1"},"canonical":"https:\/\/www.geo-x.com\/seisspacepromax\/","og_locale":"es_ES","og_type":"article","og_title":"[:en]Geo-X Processing System[:es]El sistema de procesamiento de Geo-X[:] - Geo-X Exploration Services","og_description":"Geo-X utiliza el software SeisSpace\u00ae\/ProMAX\u00ae como centro de su sistema de procesamiento. SeisSpace\u00ae\/ProMAX\u00ae es la \u00faltima generaci\u00f3n del software de procesamiento s\u00edsmico de Landmark para el manejo de grandes vol\u00famenes de datos s\u00edsmicos 2D y 3D, sin apilar y apilados, tanto marinos como terrestres. Este sistema combina su facilidad de uso con efectivas herramientas de [&hellip;]","og_url":"https:\/\/www.geo-x.com\/seisspacepromax\/","og_site_name":"Geo-X Exploration Services","article_modified_time":"2015-06-06T12:07:09+00:00","og_image":[{"width":990,"height":452,"url":"https:\/\/www.geo-x.com\/wp-content\/uploads\/2015\/05\/software.png","type":"image\/png"}],"twitter_misc":{"Tiempo de lectura":"3 minutos"},"schema":{"@context":"https:\/\/schema.org","@graph":[{"@type":"WebPage","@id":"https:\/\/www.geo-x.com\/seisspacepromax\/","url":"https:\/\/www.geo-x.com\/seisspacepromax\/","name":"[:en]Geo-X Processing System[:es]El sistema de procesamiento de Geo-X[:] - Geo-X Exploration Services","isPartOf":{"@id":"https:\/\/www.geo-x.com\/#website"},"primaryImageOfPage":{"@id":"https:\/\/www.geo-x.com\/seisspacepromax\/#primaryimage"},"image":{"@id":"https:\/\/www.geo-x.com\/seisspacepromax\/#primaryimage"},"thumbnailUrl":"https:\/\/www.geo-x.com\/wp-content\/uploads\/2015\/05\/software.png","datePublished":"2013-05-23T06:25:50+00:00","dateModified":"2015-06-06T12:07:09+00:00","breadcrumb":{"@id":"https:\/\/www.geo-x.com\/seisspacepromax\/#breadcrumb"},"inLanguage":"es","potentialAction":[{"@type":"ReadAction","target":["https:\/\/www.geo-x.com\/seisspacepromax\/"]}]},{"@type":"ImageObject","inLanguage":"es","@id":"https:\/\/www.geo-x.com\/seisspacepromax\/#primaryimage","url":"https:\/\/www.geo-x.com\/wp-content\/uploads\/2015\/05\/software.png","contentUrl":"https:\/\/www.geo-x.com\/wp-content\/uploads\/2015\/05\/software.png","width":990,"height":452,"caption":"[:en]At Geo-X, you\u2019re part of our team! We love geophysics and want to collaborate with you to achieve your goals. [:es]\u00a1Para Geo-X Ustedes son parte de nuestro equipo! Nuestra pasi\u00f3n es la Geof\u00edsica y queremos ayudarlos a alcanzar sus objetivos."},{"@type":"BreadcrumbList","@id":"https:\/\/www.geo-x.com\/seisspacepromax\/#breadcrumb","itemListElement":[{"@type":"ListItem","position":1,"name":"Home","item":"https:\/\/www.geo-x.com\/"},{"@type":"ListItem","position":2,"name":"Geo-X Processing System"}]},{"@type":"WebSite","@id":"https:\/\/www.geo-x.com\/#website","url":"https:\/\/www.geo-x.com\/","name":"Geo-X Exploration Services","description":"Geo-X Exploration Services","potentialAction":[{"@type":"SearchAction","target":{"@type":"EntryPoint","urlTemplate":"https:\/\/www.geo-x.com\/?s={search_term_string}"},"query-input":{"@type":"PropertyValueSpecification","valueRequired":true,"valueName":"search_term_string"}}],"inLanguage":"es"}]}},"_links":{"self":[{"href":"https:\/\/www.geo-x.com\/es\/wp-json\/wp\/v2\/pages\/18","targetHints":{"allow":["GET"]}}],"collection":[{"href":"https:\/\/www.geo-x.com\/es\/wp-json\/wp\/v2\/pages"}],"about":[{"href":"https:\/\/www.geo-x.com\/es\/wp-json\/wp\/v2\/types\/page"}],"author":[{"embeddable":true,"href":"https:\/\/www.geo-x.com\/es\/wp-json\/wp\/v2\/users\/1"}],"replies":[{"embeddable":true,"href":"https:\/\/www.geo-x.com\/es\/wp-json\/wp\/v2\/comments?post=18"}],"version-history":[{"count":13,"href":"https:\/\/www.geo-x.com\/es\/wp-json\/wp\/v2\/pages\/18\/revisions"}],"predecessor-version":[{"id":713,"href":"https:\/\/www.geo-x.com\/es\/wp-json\/wp\/v2\/pages\/18\/revisions\/713"}],"wp:featuredmedia":[{"embeddable":true,"href":"https:\/\/www.geo-x.com\/es\/wp-json\/wp\/v2\/media\/632"}],"wp:attachment":[{"href":"https:\/\/www.geo-x.com\/es\/wp-json\/wp\/v2\/media?parent=18"}],"curies":[{"name":"wp","href":"https:\/\/api.w.org\/{rel}","templated":true}]}}