{"id":21,"date":"2013-05-23T06:26:26","date_gmt":"2013-05-23T06:26:26","guid":{"rendered":"http:\/\/localhost\/projects\/geo-x-exploration\/?page_id=21"},"modified":"2015-06-06T12:02:02","modified_gmt":"2015-06-06T12:02:02","slug":"rekware-lintal","status":"publish","type":"page","link":"https:\/\/www.geo-x.com\/es\/rekware-lintal\/","title":{"rendered":"Amarre de l\u00edneas 2D y 3D"},"content":{"rendered":"<p>El procedimiento de amarre de l\u00edneas 2D\/3D de Geo-X ubica y muestra los puntos de cruce entre datos s\u00edsmicos 2D y 3D los cuales son usados para encontrar discrepancias (<em>mis-ties<\/em>) en el tiempo, la fase y la elevaci\u00f3n de los datos que se cruzan.<\/p>\n<p>Caracter\u00edsticas:<\/p>\n<ul>\n<li>Encuentra los puntos de intersecci\u00f3n entre l\u00edneas 2D que se cruzan o los puntos mas pr\u00f3ximos entre l\u00edneas cercanas entre si pero que no se cruzan.<\/li>\n<li>Amarra vol\u00famenes 3D (y l\u00edneas 2D con vol\u00famenes 3D) mostrando mapas de tiempo, la fase, la elevaci\u00f3n y cobertura en las zonas de solapamiento. A partir de estos mapas se pueden extraer puntos de calidad del amarre en dichas zonas.<\/li>\n<li>Realiza correcciones de tiempo y\/o fase en puntos de amarre espec\u00edficos o en todos los puntos de amarre de un archivo de datos al mismo tiempo.<\/li>\n<li>Lee y escribe flujos de trabajo para la lectura r\u00e1pida de datos s\u00edsmicos y cruces.<\/li>\n<li>Muy configurable en cuanto a propiedades de graficaci\u00f3n y par\u00e1metros de correlaci\u00f3n.<\/li>\n<li>Utiliza una plantilla configurable para leer formatos SEGY distintos al est\u00e1ndar.<\/li>\n<li>Dispone de una documentaci\u00f3n completa, con ayuda en l\u00ednea accesible desde cada una de las ventanas y cajas de di\u00e1logos.<\/li>\n<li>Procesamiento multiproceso (tantos procesos como nodos de CPU existan) para agilizar:\n<ul>\n<li>La lectura e indexaci\u00f3n de archivos de datos<\/li>\n<li>Actualizaci\u00f3n y graficaci\u00f3n de trazas que se cruzan<\/li>\n<li>C\u00e1lculo de errores de amarre 3D de tiempo, fase y elevaci\u00f3n.<\/li>\n<\/ul>\n<\/li>\n<li>Muestra los errores de amarre como tablas, gr\u00e1ficos de barras, trazas adyacentes y como s\u00edmbolos en un mapa base.<\/li>\n<li>Muestra un resumen para cada archivo de datos y para cada levantamiento.<\/li>\n<li>Capacidad de manejo de archivos grandes de datos s\u00edsmicos y puntos de cruces.<\/li>\n<\/ul>\n<p><img loading=\"lazy\" decoding=\"async\" class=\"alignnone size-full wp-image-177\" src=\"[temp url]\/wp-content\/uploads\/2013\/05\/Rekware1.jpg\" alt=\"Rekware1\" width=\"624\" height=\"161\" srcset=\"https:\/\/www.geo-x.com\/wp-content\/uploads\/2013\/05\/Rekware1.jpg 624w, https:\/\/www.geo-x.com\/wp-content\/uploads\/2013\/05\/Rekware1-300x77.jpg 300w\" sizes=\"auto, (max-width: 624px) 100vw, 624px\" \/><\/p>\n<p>Contornos del error de amarre sobre un solapamiento en 3D<\/p>\n<p><img loading=\"lazy\" decoding=\"async\" class=\"alignnone size-full wp-image-179\" src=\"[temp url]\/wp-content\/uploads\/2013\/05\/Rekware2.jpg\" alt=\"Rekware2\" width=\"624\" height=\"284\" srcset=\"https:\/\/www.geo-x.com\/wp-content\/uploads\/2013\/05\/Rekware2.jpg 624w, https:\/\/www.geo-x.com\/wp-content\/uploads\/2013\/05\/Rekware2-300x136.jpg 300w\" sizes=\"auto, (max-width: 624px) 100vw, 624px\" \/><\/p>\n<p>Tres localizaciones de amarre en la zona de solapamiento<\/p>","protected":false},"excerpt":{"rendered":"<p>El procedimiento de amarre de l\u00edneas 2D\/3D de Geo-X ubica y muestra los puntos de cruce entre datos s\u00edsmicos 2D y 3D los cuales son usados para encontrar discrepancias (mis-ties) en el tiempo, la fase y la elevaci\u00f3n de los datos que se cruzan. Caracter\u00edsticas: Encuentra los puntos de intersecci\u00f3n entre l\u00edneas 2D que se [&hellip;]<\/p>\n","protected":false},"author":1,"featured_media":632,"parent":0,"menu_order":0,"comment_status":"open","ping_status":"open","template":"","meta":{"_acf_changed":false,"footnotes":""},"class_list":["post-21","page","type-page","status-publish","has-post-thumbnail","hentry"],"acf":[],"yoast_head":"<!-- This site is optimized with the Yoast SEO plugin v26.3 - https:\/\/yoast.com\/wordpress\/plugins\/seo\/ -->\n<title>Amarre de l\u00edneas 2D y 3D - Geo-X Exploration Services<\/title>\n<meta name=\"robots\" content=\"index, follow, max-snippet:-1, max-image-preview:large, max-video-preview:-1\" \/>\n<link rel=\"canonical\" href=\"https:\/\/www.geo-x.com\/rekware-lintal\/\" \/>\n<meta property=\"og:locale\" content=\"es_ES\" \/>\n<meta property=\"og:type\" content=\"article\" \/>\n<meta property=\"og:title\" content=\"[:en]2D and 3D Line Ties[:es]Amarre de l\u00edneas 2D y 3D[:] - Geo-X Exploration Services\" \/>\n<meta property=\"og:description\" content=\"El procedimiento de amarre de l\u00edneas 2D\/3D de Geo-X ubica y muestra los puntos de cruce entre datos s\u00edsmicos 2D y 3D los cuales son usados para encontrar discrepancias (mis-ties) en el tiempo, la fase y la elevaci\u00f3n de los datos que se cruzan. Caracter\u00edsticas: Encuentra los puntos de intersecci\u00f3n entre l\u00edneas 2D que se [&hellip;]\" \/>\n<meta property=\"og:url\" content=\"https:\/\/www.geo-x.com\/rekware-lintal\/\" \/>\n<meta property=\"og:site_name\" content=\"Geo-X Exploration Services\" \/>\n<meta property=\"article:modified_time\" content=\"2015-06-06T12:02:02+00:00\" \/>\n<meta property=\"og:image\" content=\"https:\/\/www.geo-x.com\/wp-content\/uploads\/2015\/05\/software.png\" \/>\n\t<meta property=\"og:image:width\" content=\"990\" \/>\n\t<meta property=\"og:image:height\" content=\"452\" \/>\n\t<meta property=\"og:image:type\" content=\"image\/png\" \/>\n<meta name=\"twitter:label1\" content=\"Tiempo de lectura\" \/>\n\t<meta name=\"twitter:data1\" content=\"3 minutos\" \/>\n<script type=\"application\/ld+json\" class=\"yoast-schema-graph\">{\"@context\":\"https:\/\/schema.org\",\"@graph\":[{\"@type\":\"WebPage\",\"@id\":\"https:\/\/www.geo-x.com\/rekware-lintal\/\",\"url\":\"https:\/\/www.geo-x.com\/rekware-lintal\/\",\"name\":\"[:en]2D and 3D Line Ties[:es]Amarre de l\u00edneas 2D y 3D[:] - Geo-X Exploration Services\",\"isPartOf\":{\"@id\":\"https:\/\/www.geo-x.com\/#website\"},\"primaryImageOfPage\":{\"@id\":\"https:\/\/www.geo-x.com\/rekware-lintal\/#primaryimage\"},\"image\":{\"@id\":\"https:\/\/www.geo-x.com\/rekware-lintal\/#primaryimage\"},\"thumbnailUrl\":\"https:\/\/www.geo-x.com\/wp-content\/uploads\/2015\/05\/software.png\",\"datePublished\":\"2013-05-23T06:26:26+00:00\",\"dateModified\":\"2015-06-06T12:02:02+00:00\",\"breadcrumb\":{\"@id\":\"https:\/\/www.geo-x.com\/rekware-lintal\/#breadcrumb\"},\"inLanguage\":\"es\",\"potentialAction\":[{\"@type\":\"ReadAction\",\"target\":[\"https:\/\/www.geo-x.com\/rekware-lintal\/\"]}]},{\"@type\":\"ImageObject\",\"inLanguage\":\"es\",\"@id\":\"https:\/\/www.geo-x.com\/rekware-lintal\/#primaryimage\",\"url\":\"https:\/\/www.geo-x.com\/wp-content\/uploads\/2015\/05\/software.png\",\"contentUrl\":\"https:\/\/www.geo-x.com\/wp-content\/uploads\/2015\/05\/software.png\",\"width\":990,\"height\":452,\"caption\":\"[:en]At Geo-X, you\u2019re part of our team! We love geophysics and want to collaborate with you to achieve your goals. [:es]\u00a1Para Geo-X Ustedes son parte de nuestro equipo! Nuestra pasi\u00f3n es la Geof\u00edsica y queremos ayudarlos a alcanzar sus objetivos.\"},{\"@type\":\"BreadcrumbList\",\"@id\":\"https:\/\/www.geo-x.com\/rekware-lintal\/#breadcrumb\",\"itemListElement\":[{\"@type\":\"ListItem\",\"position\":1,\"name\":\"Home\",\"item\":\"https:\/\/www.geo-x.com\/\"},{\"@type\":\"ListItem\",\"position\":2,\"name\":\"2D and 3D Line Ties\"}]},{\"@type\":\"WebSite\",\"@id\":\"https:\/\/www.geo-x.com\/#website\",\"url\":\"https:\/\/www.geo-x.com\/\",\"name\":\"Geo-X Exploration Services\",\"description\":\"Geo-X Exploration Services\",\"potentialAction\":[{\"@type\":\"SearchAction\",\"target\":{\"@type\":\"EntryPoint\",\"urlTemplate\":\"https:\/\/www.geo-x.com\/?s={search_term_string}\"},\"query-input\":{\"@type\":\"PropertyValueSpecification\",\"valueRequired\":true,\"valueName\":\"search_term_string\"}}],\"inLanguage\":\"es\"}]}<\/script>\n<!-- \/ Yoast SEO plugin. -->","yoast_head_json":{"title":"[:en]2D and 3D Line Ties[:es]Amarre de l\u00edneas 2D y 3D[:] - Geo-X Exploration Services","robots":{"index":"index","follow":"follow","max-snippet":"max-snippet:-1","max-image-preview":"max-image-preview:large","max-video-preview":"max-video-preview:-1"},"canonical":"https:\/\/www.geo-x.com\/rekware-lintal\/","og_locale":"es_ES","og_type":"article","og_title":"[:en]2D and 3D Line Ties[:es]Amarre de l\u00edneas 2D y 3D[:] - Geo-X Exploration Services","og_description":"El procedimiento de amarre de l\u00edneas 2D\/3D de Geo-X ubica y muestra los puntos de cruce entre datos s\u00edsmicos 2D y 3D los cuales son usados para encontrar discrepancias (mis-ties) en el tiempo, la fase y la elevaci\u00f3n de los datos que se cruzan. Caracter\u00edsticas: Encuentra los puntos de intersecci\u00f3n entre l\u00edneas 2D que se [&hellip;]","og_url":"https:\/\/www.geo-x.com\/rekware-lintal\/","og_site_name":"Geo-X Exploration Services","article_modified_time":"2015-06-06T12:02:02+00:00","og_image":[{"width":990,"height":452,"url":"https:\/\/www.geo-x.com\/wp-content\/uploads\/2015\/05\/software.png","type":"image\/png"}],"twitter_misc":{"Tiempo de lectura":"3 minutos"},"schema":{"@context":"https:\/\/schema.org","@graph":[{"@type":"WebPage","@id":"https:\/\/www.geo-x.com\/rekware-lintal\/","url":"https:\/\/www.geo-x.com\/rekware-lintal\/","name":"[:en]2D and 3D Line Ties[:es]Amarre de l\u00edneas 2D y 3D[:] - Geo-X Exploration Services","isPartOf":{"@id":"https:\/\/www.geo-x.com\/#website"},"primaryImageOfPage":{"@id":"https:\/\/www.geo-x.com\/rekware-lintal\/#primaryimage"},"image":{"@id":"https:\/\/www.geo-x.com\/rekware-lintal\/#primaryimage"},"thumbnailUrl":"https:\/\/www.geo-x.com\/wp-content\/uploads\/2015\/05\/software.png","datePublished":"2013-05-23T06:26:26+00:00","dateModified":"2015-06-06T12:02:02+00:00","breadcrumb":{"@id":"https:\/\/www.geo-x.com\/rekware-lintal\/#breadcrumb"},"inLanguage":"es","potentialAction":[{"@type":"ReadAction","target":["https:\/\/www.geo-x.com\/rekware-lintal\/"]}]},{"@type":"ImageObject","inLanguage":"es","@id":"https:\/\/www.geo-x.com\/rekware-lintal\/#primaryimage","url":"https:\/\/www.geo-x.com\/wp-content\/uploads\/2015\/05\/software.png","contentUrl":"https:\/\/www.geo-x.com\/wp-content\/uploads\/2015\/05\/software.png","width":990,"height":452,"caption":"[:en]At Geo-X, you\u2019re part of our team! We love geophysics and want to collaborate with you to achieve your goals. [:es]\u00a1Para Geo-X Ustedes son parte de nuestro equipo! Nuestra pasi\u00f3n es la Geof\u00edsica y queremos ayudarlos a alcanzar sus objetivos."},{"@type":"BreadcrumbList","@id":"https:\/\/www.geo-x.com\/rekware-lintal\/#breadcrumb","itemListElement":[{"@type":"ListItem","position":1,"name":"Home","item":"https:\/\/www.geo-x.com\/"},{"@type":"ListItem","position":2,"name":"2D and 3D Line Ties"}]},{"@type":"WebSite","@id":"https:\/\/www.geo-x.com\/#website","url":"https:\/\/www.geo-x.com\/","name":"Geo-X Exploration Services","description":"Geo-X Exploration Services","potentialAction":[{"@type":"SearchAction","target":{"@type":"EntryPoint","urlTemplate":"https:\/\/www.geo-x.com\/?s={search_term_string}"},"query-input":{"@type":"PropertyValueSpecification","valueRequired":true,"valueName":"search_term_string"}}],"inLanguage":"es"}]}},"_links":{"self":[{"href":"https:\/\/www.geo-x.com\/es\/wp-json\/wp\/v2\/pages\/21","targetHints":{"allow":["GET"]}}],"collection":[{"href":"https:\/\/www.geo-x.com\/es\/wp-json\/wp\/v2\/pages"}],"about":[{"href":"https:\/\/www.geo-x.com\/es\/wp-json\/wp\/v2\/types\/page"}],"author":[{"embeddable":true,"href":"https:\/\/www.geo-x.com\/es\/wp-json\/wp\/v2\/users\/1"}],"replies":[{"embeddable":true,"href":"https:\/\/www.geo-x.com\/es\/wp-json\/wp\/v2\/comments?post=21"}],"version-history":[{"count":18,"href":"https:\/\/www.geo-x.com\/es\/wp-json\/wp\/v2\/pages\/21\/revisions"}],"predecessor-version":[{"id":758,"href":"https:\/\/www.geo-x.com\/es\/wp-json\/wp\/v2\/pages\/21\/revisions\/758"}],"wp:featuredmedia":[{"embeddable":true,"href":"https:\/\/www.geo-x.com\/es\/wp-json\/wp\/v2\/media\/632"}],"wp:attachment":[{"href":"https:\/\/www.geo-x.com\/es\/wp-json\/wp\/v2\/media?parent=21"}],"curies":[{"name":"wp","href":"https:\/\/api.w.org\/{rel}","templated":true}]}}