{"id":796,"date":"2015-08-22T05:29:50","date_gmt":"2015-08-22T05:29:50","guid":{"rendered":"http:\/\/www.developersatwork.com\/projects\/g5\/geo-x\/?page_id=796"},"modified":"2017-06-30T09:06:11","modified_gmt":"2017-06-30T09:06:11","slug":"depth-imaging","status":"publish","type":"page","link":"https:\/\/www.geo-x.com\/es\/depth-imaging\/","title":{"rendered":"Imaging Profundidad"},"content":{"rendered":"<p><\/p>\n<div class=\"download_btn\"><a href=\"https:\/\/www.geo-x.com\/es\/pdf\/Geo-X-Depth_Spanish.pdf\" target=\"_blank\">Download Brochure<\/a><\/div>\n<div id='cssmenu'>\n<ul>\n<li><a href='#'>Software<\/a>\n<ul class=\"accor-cont inn_list_itm\">\n<p>Geo-X usa la versi\u00f3n mas reciente del software GeoDepth de Paradigm para realizar la migraci\u00f3n pre-apilado en profundidad (PSDM). GeoDepth ofrece r\u00e1pido acceso a los datos y f\u00e1cil visualizaci\u00f3n 3D de datos s\u00edsmicos pre-apilado y post-apilados e interpretaci\u00f3n de datos 2D y 3D as\u00ed como datos de pozo<\/p>\n<\/ul>\n<\/li>\n<li><a href='#'>Creacion del modelo de velocidad<\/a>\n<ul class=\"accor-cont inn_list_itm\">\n<li>Constrained Velocity Inversion (CVI), Inversi\u00f3n de velocidades PSTM. Es un Algoritmo robusto para llevar a cabo una r\u00e1pida y precisa conversi\u00f3n de velocidades RMS a velocidades interv\u00e1licas y conversi\u00f3n de tiempo a profundidad<\/li>\n<li>Modelo de velocidad de la capa cercana a la superficie del suelo usando est\u00e1ticas de refracci\u00f3n<\/li>\n<li>Modelo geo-estad\u00edstico de velocidad utilizando la informaci\u00f3n de pozo de Vp, Vs, Epsilon y Delta<\/li>\n<li>Descripci\u00f3n del modelo anisotr\u00f3pico de velocidad con determinaci\u00f3n interactiva de par\u00e1metros<\/li>\n<\/ul>\n<\/li>\n<li><a href='#'>Actualizacion del modelo de Velocidad<\/a>\n<ul class=\"accor-cont inn_list_itm\">\n<li>Residual moveout (RMO) autom\u00e1tico de alta resoluci\u00f3n con FastVel. Capaz de resolver residual moveout de 2o y 4\u00ba orden as\u00ed como el componente HTI. Estimaci\u00f3n simult\u00e1nea de Vz y de Epsilon<\/li>\n<li>RMO autom\u00e1tico, basado en capas u horizontes, usando velocity navigator. Capaz de obtener actualizaci\u00f3n de capas<\/li>\n<li>RMO manual, basado en capas u horizontes, para \u00e1reas complejas. Utilizado en \u00e1reas con baja se\u00f1al\/ruido y con baja coherencia de los reflectores. Permite la actualizaci\u00f3n del campo de velocidad directamente o a trav\u00e9s de la tomograf\u00eda<\/li>\n<\/ul>\n<\/li>\n<li><a href='#'>Tomograf\u00eda<\/a>\n<ul class=\"accor-cont inn_list_itm\">\n<p><b>Tomograf\u00eda basada en una Grid 3D<\/b><\/p>\n<li>Actualiza simult\u00e1neamente vol\u00famenes de velocidad (Vpz) as\u00ed como Epsilon y Delta en una grid regular<\/li>\n<li>a actualizaci\u00f3n de velocidades puede estar restringida para preservar la estructura (modelo s\u00f3lido)<\/li>\n<li>Los primeros arribos de un VSP pueden ser incorporados en el campo de velocidad<\/li>\n<p><b>Tomograf\u00eda basada en capas 3D<\/b><\/p>\n<li>Actualiza el campo de velocidad (Vpz) as\u00ed como Epsilon y Delta simult\u00e1neamente a lo largo del modelo de horizontes en profundidad<\/li>\n<li>Permite obtener soluciones ajustadas geol\u00f3gicamente debido a la red de inversi\u00f3n irregular que sigue capas geol\u00f3gicas<\/li>\n<li>actualiza simult\u00e1neamente el campo de velocidad a lo largo de las capas geol\u00f3gicas as\u00ed como la ubicaci\u00f3n de los horizontes sub-superficiales<\/li>\n<p><b>Tomograf\u00eda basada en 3D-Well Ties<\/b><\/p>\n<li>Actualiza simult\u00e1neamente vol\u00famenes de velocidad (Vpz) as\u00ed como Epsilon y Delta bas\u00e1ndose en la informaci\u00f3n de pozo o en la interpretaci\u00f3n de \u201cmistie maps\u201d<\/li>\n<li>Utiliza informaci\u00f3n de pozo con el fin de lograr una convergencia m\u00e1s r\u00e1pida<\/li>\n<li>La Actualizaci\u00f3n de velocidades y de par\u00e1metros anisotr\u00f3picos pueden seguir estructuras geol\u00f3gicas<\/li>\n<\/ul>\n<\/li>\n<li><a href='#'>Enfoque multidisciplinario e Integraci\u00f3n de datos<\/a>\n<ul class=\"accor-cont inn_list_itm\">\n<li>Se realiza modelado geo-estad\u00edstico de velocidades para aprovechar completamente la informaci\u00f3n de pozo<\/li>\n<li>Se realiza integraci\u00f3n de informaci\u00f3n de VSP para obtener el modelo de velocidad y para el flujo de trabajo de migraci\u00f3n en profundidad.<\/li>\n<li>Sobre la marcha se realiza well tie an\u00e1lisis y actualizaci\u00f3n de atributos de velocidad para im\u00e1genes complejas<\/li>\n<\/ul>\n<\/li>\n<li><a href='#'>Migraci\u00f3n en Profundidad<\/a>\n<ul class=\"accor-cont inn_list_itm\">\n<li>Full TTI Kirchhoff Depth Migration<\/li>\n<li>Full TTI Common Reflection Angle Migration (CRAM) \u2013 Advanced Beam Migration<\/li>\n<li>Full TTI Wave Equation Migration (WEM)<\/li>\n<\/ul>\n<\/li>\n<\/ul>\n<\/div>\n<p><\/p>","protected":false},"excerpt":{"rendered":"<p>Download Brochure Software Geo-X usa la versi\u00f3n mas reciente del software GeoDepth de Paradigm para realizar la migraci\u00f3n pre-apilado en profundidad (PSDM). GeoDepth ofrece r\u00e1pido acceso a los datos y f\u00e1cil visualizaci\u00f3n 3D de datos s\u00edsmicos pre-apilado y post-apilados e interpretaci\u00f3n de datos 2D y 3D as\u00ed como datos de pozo Creacion del modelo de [&hellip;]<\/p>\n","protected":false},"author":1,"featured_media":870,"parent":0,"menu_order":0,"comment_status":"open","ping_status":"open","template":"","meta":{"_acf_changed":false,"footnotes":""},"class_list":["post-796","page","type-page","status-publish","has-post-thumbnail","hentry"],"acf":[],"yoast_head":"<!-- This site is optimized with the Yoast SEO plugin v26.3 - https:\/\/yoast.com\/wordpress\/plugins\/seo\/ -->\n<title>Imaging Profundidad - Geo-X Exploration Services<\/title>\n<meta name=\"robots\" content=\"index, follow, max-snippet:-1, max-image-preview:large, max-video-preview:-1\" \/>\n<link rel=\"canonical\" href=\"https:\/\/www.geo-x.com\/depth-imaging\/\" \/>\n<meta property=\"og:locale\" content=\"es_ES\" \/>\n<meta property=\"og:type\" content=\"article\" \/>\n<meta property=\"og:title\" content=\"[:en]2D\/3D Depth Imaging[:es]Imaging Profundidad[:] - Geo-X Exploration Services\" \/>\n<meta property=\"og:description\" content=\"Download Brochure Software Geo-X usa la versi\u00f3n mas reciente del software GeoDepth de Paradigm para realizar la migraci\u00f3n pre-apilado en profundidad (PSDM). GeoDepth ofrece r\u00e1pido acceso a los datos y f\u00e1cil visualizaci\u00f3n 3D de datos s\u00edsmicos pre-apilado y post-apilados e interpretaci\u00f3n de datos 2D y 3D as\u00ed como datos de pozo Creacion del modelo de [&hellip;]\" \/>\n<meta property=\"og:url\" content=\"https:\/\/www.geo-x.com\/depth-imaging\/\" \/>\n<meta property=\"og:site_name\" content=\"Geo-X Exploration Services\" \/>\n<meta property=\"article:modified_time\" content=\"2017-06-30T09:06:11+00:00\" \/>\n<meta property=\"og:image\" content=\"https:\/\/www.geo-x.com\/wp-content\/uploads\/2015\/08\/depth-pic.png\" \/>\n\t<meta property=\"og:image:width\" content=\"990\" \/>\n\t<meta property=\"og:image:height\" content=\"452\" \/>\n\t<meta property=\"og:image:type\" content=\"image\/png\" \/>\n<meta name=\"twitter:label1\" content=\"Tiempo de lectura\" \/>\n\t<meta name=\"twitter:data1\" content=\"4 minutos\" \/>\n<script type=\"application\/ld+json\" class=\"yoast-schema-graph\">{\"@context\":\"https:\/\/schema.org\",\"@graph\":[{\"@type\":\"WebPage\",\"@id\":\"https:\/\/www.geo-x.com\/depth-imaging\/\",\"url\":\"https:\/\/www.geo-x.com\/depth-imaging\/\",\"name\":\"[:en]2D\/3D Depth Imaging[:es]Imaging Profundidad[:] - Geo-X Exploration Services\",\"isPartOf\":{\"@id\":\"https:\/\/www.geo-x.com\/#website\"},\"primaryImageOfPage\":{\"@id\":\"https:\/\/www.geo-x.com\/depth-imaging\/#primaryimage\"},\"image\":{\"@id\":\"https:\/\/www.geo-x.com\/depth-imaging\/#primaryimage\"},\"thumbnailUrl\":\"https:\/\/www.geo-x.com\/wp-content\/uploads\/2015\/08\/depth-pic.png\",\"datePublished\":\"2015-08-22T05:29:50+00:00\",\"dateModified\":\"2017-06-30T09:06:11+00:00\",\"breadcrumb\":{\"@id\":\"https:\/\/www.geo-x.com\/depth-imaging\/#breadcrumb\"},\"inLanguage\":\"es\",\"potentialAction\":[{\"@type\":\"ReadAction\",\"target\":[\"https:\/\/www.geo-x.com\/depth-imaging\/\"]}]},{\"@type\":\"ImageObject\",\"inLanguage\":\"es\",\"@id\":\"https:\/\/www.geo-x.com\/depth-imaging\/#primaryimage\",\"url\":\"https:\/\/www.geo-x.com\/wp-content\/uploads\/2015\/08\/depth-pic.png\",\"contentUrl\":\"https:\/\/www.geo-x.com\/wp-content\/uploads\/2015\/08\/depth-pic.png\",\"width\":990,\"height\":452,\"caption\":\"[:en]At Geo-X, you\u2019re part of our team! We love geophysics and want to collaborate with you to achieve your goals. [:es]\u00a1Para Geo-X Ustedes son parte de nuestro equipo! Nuestra pasi\u00f3n es la Geof\u00edsica y queremos ayudarlos a alcanzar sus objetivos.\"},{\"@type\":\"BreadcrumbList\",\"@id\":\"https:\/\/www.geo-x.com\/depth-imaging\/#breadcrumb\",\"itemListElement\":[{\"@type\":\"ListItem\",\"position\":1,\"name\":\"Home\",\"item\":\"https:\/\/www.geo-x.com\/\"},{\"@type\":\"ListItem\",\"position\":2,\"name\":\"2D\/3D Depth Imaging\"}]},{\"@type\":\"WebSite\",\"@id\":\"https:\/\/www.geo-x.com\/#website\",\"url\":\"https:\/\/www.geo-x.com\/\",\"name\":\"Geo-X Exploration Services\",\"description\":\"Geo-X Exploration Services\",\"potentialAction\":[{\"@type\":\"SearchAction\",\"target\":{\"@type\":\"EntryPoint\",\"urlTemplate\":\"https:\/\/www.geo-x.com\/?s={search_term_string}\"},\"query-input\":{\"@type\":\"PropertyValueSpecification\",\"valueRequired\":true,\"valueName\":\"search_term_string\"}}],\"inLanguage\":\"es\"}]}<\/script>\n<!-- \/ Yoast SEO plugin. -->","yoast_head_json":{"title":"[:en]2D\/3D Depth Imaging[:es]Imaging Profundidad[:] - Geo-X Exploration Services","robots":{"index":"index","follow":"follow","max-snippet":"max-snippet:-1","max-image-preview":"max-image-preview:large","max-video-preview":"max-video-preview:-1"},"canonical":"https:\/\/www.geo-x.com\/depth-imaging\/","og_locale":"es_ES","og_type":"article","og_title":"[:en]2D\/3D Depth Imaging[:es]Imaging Profundidad[:] - Geo-X Exploration Services","og_description":"Download Brochure Software Geo-X usa la versi\u00f3n mas reciente del software GeoDepth de Paradigm para realizar la migraci\u00f3n pre-apilado en profundidad (PSDM). GeoDepth ofrece r\u00e1pido acceso a los datos y f\u00e1cil visualizaci\u00f3n 3D de datos s\u00edsmicos pre-apilado y post-apilados e interpretaci\u00f3n de datos 2D y 3D as\u00ed como datos de pozo Creacion del modelo de [&hellip;]","og_url":"https:\/\/www.geo-x.com\/depth-imaging\/","og_site_name":"Geo-X Exploration Services","article_modified_time":"2017-06-30T09:06:11+00:00","og_image":[{"width":990,"height":452,"url":"https:\/\/www.geo-x.com\/wp-content\/uploads\/2015\/08\/depth-pic.png","type":"image\/png"}],"twitter_misc":{"Tiempo de lectura":"4 minutos"},"schema":{"@context":"https:\/\/schema.org","@graph":[{"@type":"WebPage","@id":"https:\/\/www.geo-x.com\/depth-imaging\/","url":"https:\/\/www.geo-x.com\/depth-imaging\/","name":"[:en]2D\/3D Depth Imaging[:es]Imaging Profundidad[:] - Geo-X Exploration Services","isPartOf":{"@id":"https:\/\/www.geo-x.com\/#website"},"primaryImageOfPage":{"@id":"https:\/\/www.geo-x.com\/depth-imaging\/#primaryimage"},"image":{"@id":"https:\/\/www.geo-x.com\/depth-imaging\/#primaryimage"},"thumbnailUrl":"https:\/\/www.geo-x.com\/wp-content\/uploads\/2015\/08\/depth-pic.png","datePublished":"2015-08-22T05:29:50+00:00","dateModified":"2017-06-30T09:06:11+00:00","breadcrumb":{"@id":"https:\/\/www.geo-x.com\/depth-imaging\/#breadcrumb"},"inLanguage":"es","potentialAction":[{"@type":"ReadAction","target":["https:\/\/www.geo-x.com\/depth-imaging\/"]}]},{"@type":"ImageObject","inLanguage":"es","@id":"https:\/\/www.geo-x.com\/depth-imaging\/#primaryimage","url":"https:\/\/www.geo-x.com\/wp-content\/uploads\/2015\/08\/depth-pic.png","contentUrl":"https:\/\/www.geo-x.com\/wp-content\/uploads\/2015\/08\/depth-pic.png","width":990,"height":452,"caption":"[:en]At Geo-X, you\u2019re part of our team! We love geophysics and want to collaborate with you to achieve your goals. [:es]\u00a1Para Geo-X Ustedes son parte de nuestro equipo! Nuestra pasi\u00f3n es la Geof\u00edsica y queremos ayudarlos a alcanzar sus objetivos."},{"@type":"BreadcrumbList","@id":"https:\/\/www.geo-x.com\/depth-imaging\/#breadcrumb","itemListElement":[{"@type":"ListItem","position":1,"name":"Home","item":"https:\/\/www.geo-x.com\/"},{"@type":"ListItem","position":2,"name":"2D\/3D Depth Imaging"}]},{"@type":"WebSite","@id":"https:\/\/www.geo-x.com\/#website","url":"https:\/\/www.geo-x.com\/","name":"Geo-X Exploration Services","description":"Geo-X Exploration Services","potentialAction":[{"@type":"SearchAction","target":{"@type":"EntryPoint","urlTemplate":"https:\/\/www.geo-x.com\/?s={search_term_string}"},"query-input":{"@type":"PropertyValueSpecification","valueRequired":true,"valueName":"search_term_string"}}],"inLanguage":"es"}]}},"_links":{"self":[{"href":"https:\/\/www.geo-x.com\/es\/wp-json\/wp\/v2\/pages\/796","targetHints":{"allow":["GET"]}}],"collection":[{"href":"https:\/\/www.geo-x.com\/es\/wp-json\/wp\/v2\/pages"}],"about":[{"href":"https:\/\/www.geo-x.com\/es\/wp-json\/wp\/v2\/types\/page"}],"author":[{"embeddable":true,"href":"https:\/\/www.geo-x.com\/es\/wp-json\/wp\/v2\/users\/1"}],"replies":[{"embeddable":true,"href":"https:\/\/www.geo-x.com\/es\/wp-json\/wp\/v2\/comments?post=796"}],"version-history":[{"count":7,"href":"https:\/\/www.geo-x.com\/es\/wp-json\/wp\/v2\/pages\/796\/revisions"}],"predecessor-version":[{"id":872,"href":"https:\/\/www.geo-x.com\/es\/wp-json\/wp\/v2\/pages\/796\/revisions\/872"}],"wp:featuredmedia":[{"embeddable":true,"href":"https:\/\/www.geo-x.com\/es\/wp-json\/wp\/v2\/media\/870"}],"wp:attachment":[{"href":"https:\/\/www.geo-x.com\/es\/wp-json\/wp\/v2\/media?parent=796"}],"curies":[{"name":"wp","href":"https:\/\/api.w.org\/{rel}","templated":true}]}}