{"id":8,"date":"2013-05-23T06:14:23","date_gmt":"2013-05-23T06:14:23","guid":{"rendered":"http:\/\/localhost\/projects\/geo-x-exploration\/?page_id=8"},"modified":"2015-06-03T17:31:12","modified_gmt":"2015-06-03T17:31:12","slug":"careers","status":"publish","type":"page","link":"https:\/\/www.geo-x.com\/es\/careers\/","title":{"rendered":"Carreras"},"content":{"rendered":"<p>Geo-X es una compa\u00f1\u00eda en crecimiento y esta en la b\u00fasqueda de gente excepcional para que se una a nosotros en la construcci\u00f3n de un futuro. Si Usted piensa que podr\u00eda ser un recurso valioso para nuestro equipo, por favor env\u00edenos su hoja de vida por email a <a href=\"mailto:info@geo-x.ca\">info@geo-x.com<\/a><\/p>\n<p>No podremos responder a todos y cada uno de los correos debido su alto volumen pero apreciamos que nos considere como su opci\u00f3n de carrera. Las hojas de vida ser\u00e1n archivadas.<\/p>","protected":false},"excerpt":{"rendered":"<p>Geo-X es una compa\u00f1\u00eda en crecimiento y esta en la b\u00fasqueda de gente excepcional para que se una a nosotros en la construcci\u00f3n de un futuro. Si Usted piensa que podr\u00eda ser un recurso valioso para nuestro equipo, por favor env\u00edenos su hoja de vida por email a info@geo-x.com No podremos responder a todos y [&hellip;]<\/p>\n","protected":false},"author":1,"featured_media":496,"parent":0,"menu_order":0,"comment_status":"open","ping_status":"open","template":"","meta":{"_acf_changed":false,"footnotes":""},"class_list":["post-8","page","type-page","status-publish","has-post-thumbnail","hentry"],"acf":[],"yoast_head":"<!-- This site is optimized with the Yoast SEO plugin v26.3 - https:\/\/yoast.com\/wordpress\/plugins\/seo\/ -->\n<title>Carreras - Geo-X Exploration Services<\/title>\n<meta name=\"robots\" content=\"index, follow, max-snippet:-1, max-image-preview:large, max-video-preview:-1\" \/>\n<link rel=\"canonical\" href=\"https:\/\/www.geo-x.com\/careers\/\" \/>\n<meta property=\"og:locale\" content=\"es_ES\" \/>\n<meta property=\"og:type\" content=\"article\" \/>\n<meta property=\"og:title\" content=\"[:en]Careers[:es]Carreras[:] - Geo-X Exploration Services\" \/>\n<meta property=\"og:description\" content=\"Geo-X es una compa\u00f1\u00eda en crecimiento y esta en la b\u00fasqueda de gente excepcional para que se una a nosotros en la construcci\u00f3n de un futuro. Si Usted piensa que podr\u00eda ser un recurso valioso para nuestro equipo, por favor env\u00edenos su hoja de vida por email a info@geo-x.com No podremos responder a todos y [&hellip;]\" \/>\n<meta property=\"og:url\" content=\"https:\/\/www.geo-x.com\/careers\/\" \/>\n<meta property=\"og:site_name\" content=\"Geo-X Exploration Services\" \/>\n<meta property=\"article:modified_time\" content=\"2015-06-03T17:31:12+00:00\" \/>\n<meta property=\"og:image\" content=\"https:\/\/www.geo-x.com\/wp-content\/uploads\/2013\/05\/career1.png\" \/>\n\t<meta property=\"og:image:width\" content=\"990\" \/>\n\t<meta property=\"og:image:height\" content=\"452\" \/>\n\t<meta property=\"og:image:type\" content=\"image\/png\" \/>\n<meta name=\"twitter:label1\" content=\"Tiempo de lectura\" \/>\n\t<meta name=\"twitter:data1\" content=\"1 minuto\" \/>\n<script type=\"application\/ld+json\" class=\"yoast-schema-graph\">{\"@context\":\"https:\/\/schema.org\",\"@graph\":[{\"@type\":\"WebPage\",\"@id\":\"https:\/\/www.geo-x.com\/careers\/\",\"url\":\"https:\/\/www.geo-x.com\/careers\/\",\"name\":\"[:en]Careers[:es]Carreras[:] - Geo-X Exploration Services\",\"isPartOf\":{\"@id\":\"https:\/\/www.geo-x.com\/#website\"},\"primaryImageOfPage\":{\"@id\":\"https:\/\/www.geo-x.com\/careers\/#primaryimage\"},\"image\":{\"@id\":\"https:\/\/www.geo-x.com\/careers\/#primaryimage\"},\"thumbnailUrl\":\"https:\/\/www.geo-x.com\/wp-content\/uploads\/2013\/05\/career1.png\",\"datePublished\":\"2013-05-23T06:14:23+00:00\",\"dateModified\":\"2015-06-03T17:31:12+00:00\",\"breadcrumb\":{\"@id\":\"https:\/\/www.geo-x.com\/careers\/#breadcrumb\"},\"inLanguage\":\"es\",\"potentialAction\":[{\"@type\":\"ReadAction\",\"target\":[\"https:\/\/www.geo-x.com\/careers\/\"]}]},{\"@type\":\"ImageObject\",\"inLanguage\":\"es\",\"@id\":\"https:\/\/www.geo-x.com\/careers\/#primaryimage\",\"url\":\"https:\/\/www.geo-x.com\/wp-content\/uploads\/2013\/05\/career1.png\",\"contentUrl\":\"https:\/\/www.geo-x.com\/wp-content\/uploads\/2013\/05\/career1.png\",\"width\":990,\"height\":452},{\"@type\":\"BreadcrumbList\",\"@id\":\"https:\/\/www.geo-x.com\/careers\/#breadcrumb\",\"itemListElement\":[{\"@type\":\"ListItem\",\"position\":1,\"name\":\"Home\",\"item\":\"https:\/\/www.geo-x.com\/\"},{\"@type\":\"ListItem\",\"position\":2,\"name\":\"Careers\"}]},{\"@type\":\"WebSite\",\"@id\":\"https:\/\/www.geo-x.com\/#website\",\"url\":\"https:\/\/www.geo-x.com\/\",\"name\":\"Geo-X Exploration Services\",\"description\":\"Geo-X Exploration Services\",\"potentialAction\":[{\"@type\":\"SearchAction\",\"target\":{\"@type\":\"EntryPoint\",\"urlTemplate\":\"https:\/\/www.geo-x.com\/?s={search_term_string}\"},\"query-input\":{\"@type\":\"PropertyValueSpecification\",\"valueRequired\":true,\"valueName\":\"search_term_string\"}}],\"inLanguage\":\"es\"}]}<\/script>\n<!-- \/ Yoast SEO plugin. -->","yoast_head_json":{"title":"[:en]Careers[:es]Carreras[:] - Geo-X Exploration Services","robots":{"index":"index","follow":"follow","max-snippet":"max-snippet:-1","max-image-preview":"max-image-preview:large","max-video-preview":"max-video-preview:-1"},"canonical":"https:\/\/www.geo-x.com\/careers\/","og_locale":"es_ES","og_type":"article","og_title":"[:en]Careers[:es]Carreras[:] - Geo-X Exploration Services","og_description":"Geo-X es una compa\u00f1\u00eda en crecimiento y esta en la b\u00fasqueda de gente excepcional para que se una a nosotros en la construcci\u00f3n de un futuro. Si Usted piensa que podr\u00eda ser un recurso valioso para nuestro equipo, por favor env\u00edenos su hoja de vida por email a info@geo-x.com No podremos responder a todos y [&hellip;]","og_url":"https:\/\/www.geo-x.com\/careers\/","og_site_name":"Geo-X Exploration Services","article_modified_time":"2015-06-03T17:31:12+00:00","og_image":[{"width":990,"height":452,"url":"https:\/\/www.geo-x.com\/wp-content\/uploads\/2013\/05\/career1.png","type":"image\/png"}],"twitter_misc":{"Tiempo de lectura":"1 minuto"},"schema":{"@context":"https:\/\/schema.org","@graph":[{"@type":"WebPage","@id":"https:\/\/www.geo-x.com\/careers\/","url":"https:\/\/www.geo-x.com\/careers\/","name":"[:en]Careers[:es]Carreras[:] - Geo-X Exploration Services","isPartOf":{"@id":"https:\/\/www.geo-x.com\/#website"},"primaryImageOfPage":{"@id":"https:\/\/www.geo-x.com\/careers\/#primaryimage"},"image":{"@id":"https:\/\/www.geo-x.com\/careers\/#primaryimage"},"thumbnailUrl":"https:\/\/www.geo-x.com\/wp-content\/uploads\/2013\/05\/career1.png","datePublished":"2013-05-23T06:14:23+00:00","dateModified":"2015-06-03T17:31:12+00:00","breadcrumb":{"@id":"https:\/\/www.geo-x.com\/careers\/#breadcrumb"},"inLanguage":"es","potentialAction":[{"@type":"ReadAction","target":["https:\/\/www.geo-x.com\/careers\/"]}]},{"@type":"ImageObject","inLanguage":"es","@id":"https:\/\/www.geo-x.com\/careers\/#primaryimage","url":"https:\/\/www.geo-x.com\/wp-content\/uploads\/2013\/05\/career1.png","contentUrl":"https:\/\/www.geo-x.com\/wp-content\/uploads\/2013\/05\/career1.png","width":990,"height":452},{"@type":"BreadcrumbList","@id":"https:\/\/www.geo-x.com\/careers\/#breadcrumb","itemListElement":[{"@type":"ListItem","position":1,"name":"Home","item":"https:\/\/www.geo-x.com\/"},{"@type":"ListItem","position":2,"name":"Careers"}]},{"@type":"WebSite","@id":"https:\/\/www.geo-x.com\/#website","url":"https:\/\/www.geo-x.com\/","name":"Geo-X Exploration Services","description":"Geo-X Exploration Services","potentialAction":[{"@type":"SearchAction","target":{"@type":"EntryPoint","urlTemplate":"https:\/\/www.geo-x.com\/?s={search_term_string}"},"query-input":{"@type":"PropertyValueSpecification","valueRequired":true,"valueName":"search_term_string"}}],"inLanguage":"es"}]}},"_links":{"self":[{"href":"https:\/\/www.geo-x.com\/es\/wp-json\/wp\/v2\/pages\/8","targetHints":{"allow":["GET"]}}],"collection":[{"href":"https:\/\/www.geo-x.com\/es\/wp-json\/wp\/v2\/pages"}],"about":[{"href":"https:\/\/www.geo-x.com\/es\/wp-json\/wp\/v2\/types\/page"}],"author":[{"embeddable":true,"href":"https:\/\/www.geo-x.com\/es\/wp-json\/wp\/v2\/users\/1"}],"replies":[{"embeddable":true,"href":"https:\/\/www.geo-x.com\/es\/wp-json\/wp\/v2\/comments?post=8"}],"version-history":[{"count":15,"href":"https:\/\/www.geo-x.com\/es\/wp-json\/wp\/v2\/pages\/8\/revisions"}],"predecessor-version":[{"id":760,"href":"https:\/\/www.geo-x.com\/es\/wp-json\/wp\/v2\/pages\/8\/revisions\/760"}],"wp:featuredmedia":[{"embeddable":true,"href":"https:\/\/www.geo-x.com\/es\/wp-json\/wp\/v2\/media\/496"}],"wp:attachment":[{"href":"https:\/\/www.geo-x.com\/es\/wp-json\/wp\/v2\/media?parent=8"}],"curies":[{"name":"wp","href":"https:\/\/api.w.org\/{rel}","templated":true}]}}